{"id":7539,"date":"2020-11-03T05:50:35","date_gmt":"2020-11-03T05:50:35","guid":{"rendered":"https:\/\/staging16.diazlf.com\/?page_id=7539"},"modified":"2024-01-05T01:43:09","modified_gmt":"2024-01-05T07:43:09","slug":"john-rightmyer","status":"publish","type":"page","link":"https:\/\/cdiazlf.dosbitweb.cl\/es\/john-rightmyer\/","title":{"rendered":"John Rightmyer"},"content":{"rendered":"<div data-elementor-type=\"wp-page\" data-elementor-id=\"7539\" class=\"elementor elementor-7539\" data-elementor-post-type=\"page\">\n\t\t\t\t\t\t<section class=\"elementor-section elementor-top-section elementor-element elementor-element-3d1ad2e elementor-section-height-min-height elementor-section-boxed elementor-section-height-default elementor-section-items-middle\" data-id=\"3d1ad2e\" data-element_type=\"section\" data-e-type=\"section\" data-settings=\"{&quot;background_background&quot;:&quot;classic&quot;}\">\n\t\t\t\t\t\t<div class=\"elementor-container elementor-column-gap-default\">\n\t\t\t\t\t<div class=\"elementor-column elementor-col-100 elementor-top-column elementor-element elementor-element-9c1ff05\" data-id=\"9c1ff05\" data-element_type=\"column\" data-e-type=\"column\">\n\t\t\t<div class=\"elementor-widget-wrap\">\n\t\t\t\t\t\t\t<\/div>\n\t\t<\/div>\n\t\t\t\t\t<\/div>\n\t\t<\/section>\n\t\t\t\t<section class=\"elementor-section elementor-top-section elementor-element elementor-element-6c80920 elementor-section-boxed elementor-section-height-default elementor-section-height-default\" data-id=\"6c80920\" data-element_type=\"section\" data-e-type=\"section\" data-settings=\"{&quot;background_background&quot;:&quot;classic&quot;}\">\n\t\t\t\t\t\t<div class=\"elementor-container elementor-column-gap-default\">\n\t\t\t\t\t<div class=\"elementor-column elementor-col-100 elementor-top-column elementor-element elementor-element-9447781\" data-id=\"9447781\" data-element_type=\"column\" data-e-type=\"column\">\n\t\t\t<div class=\"elementor-widget-wrap elementor-element-populated\">\n\t\t\t\t\t\t<div class=\"elementor-element elementor-element-07b80fd elementor-widget elementor-widget-heading\" data-id=\"07b80fd\" data-element_type=\"widget\" data-e-type=\"widget\" data-widget_type=\"heading.default\">\n\t\t\t\t<div class=\"elementor-widget-container\">\n\t\t\t\t\t<h1 class=\"elementor-heading-title elementor-size-default\">John Rightmyer<\/h1>\t\t\t\t<\/div>\n\t\t\t\t<\/div>\n\t\t\t\t<div class=\"elementor-element elementor-element-2c832e8 elementor-widget elementor-widget-text-editor\" data-id=\"2c832e8\" data-element_type=\"widget\" data-e-type=\"widget\" data-widget_type=\"text-editor.default\">\n\t\t\t\t<div class=\"elementor-widget-container\">\n\t\t\t\t\t\t\t\t\t<p>Defensa Penal<\/p>\t\t\t\t\t\t\t\t<\/div>\n\t\t\t\t<\/div>\n\t\t\t\t\t<\/div>\n\t\t<\/div>\n\t\t\t\t\t<\/div>\n\t\t<\/section>\n\t\t\t\t<section class=\"elementor-section elementor-top-section elementor-element elementor-element-711726c elementor-section-boxed elementor-section-height-default elementor-section-height-default\" data-id=\"711726c\" data-element_type=\"section\" data-e-type=\"section\" data-settings=\"{&quot;background_background&quot;:&quot;classic&quot;}\">\n\t\t\t\t\t\t<div class=\"elementor-container elementor-column-gap-default\">\n\t\t\t\t\t<div class=\"elementor-column elementor-col-25 elementor-top-column elementor-element elementor-element-a69a8cd\" data-id=\"a69a8cd\" data-element_type=\"column\" data-e-type=\"column\">\n\t\t\t<div class=\"elementor-widget-wrap elementor-element-populated\">\n\t\t\t\t\t\t<div class=\"elementor-element elementor-element-7396a5c elementor-hidden-phone elementor-widget elementor-widget-global elementor-global-3102 elementor-widget-text-editor\" data-id=\"7396a5c\" data-element_type=\"widget\" data-e-type=\"widget\" data-widget_type=\"text-editor.default\">\n\t\t\t\t<div class=\"elementor-widget-container\">\n\t\t\t\t\t\t\t\t\t<p><a href=\"\/es\/manuel-diaz\/\">MANUEL D\u00cdAZ<\/a><br><a href=\"\/es\/jeffery-morrow\/\">JEFFERY MORROW<\/a><br><a href=\"\/es\/andrea-aguilar\/\">ANDREA AGUILAR<\/a><br><a href=\"\/es\/brittney-mcclinton\/\">BRITTNEY MCCLINTON<\/a><br><a href=\"\/es\/mitchell-dooley\/\">MITCHELL DOOLEY<\/a><br><a href=\"\/es\/courtney-miller\/\">COURTNEY MILLER<\/a><br><a href=\"\/es\/jeremy-hobbs\/\">JEREMY HOBBS<\/a><br><a href=\"\/es\/john-rightmyer\/\">JOHN RIGHTMYER<\/a><br><a href=\"\/es\/janel-okafor\/\">JANEL OKAFOR<\/a><br><a href=\"\/es\/frances-seman\/\">FRANCES SEMAN<\/a><br><a href=\"\/es\/tanisha-taylor\/\">TANISHA TAYLOR<\/a><br><a href=\"\/es\/john-helms\/\">JOHN HELMS<\/a><br><a href=\"\/es\/marie-galindo\/\">MARIE GALINDO<\/a><br><a href=\"\/es\/nicole-brancroft\/\">NICOLE BANCROFT<\/a><br><a href=\"\/es\/jazzmond-j-turner\/\">Jazzmond J. Turner<\/a><br><a href=\"\/es\/nicholas-gibson\/\">Nicholas Gibson<\/a><br><a href=\"\/es\/nicholas-a-simental\/\">Nicholas A. Simental<\/a><br><a href=\"\/es\/monica-lisa-caballero\/\">Monica Lisa Caballero<\/a><\/p>\t\t\t\t\t\t\t\t<\/div>\n\t\t\t\t<\/div>\n\t\t\t\t\t<\/div>\n\t\t<\/div>\n\t\t\t\t<div class=\"elementor-column elementor-col-50 elementor-top-column elementor-element elementor-element-005d946\" data-id=\"005d946\" data-element_type=\"column\" data-e-type=\"column\">\n\t\t\t<div class=\"elementor-widget-wrap elementor-element-populated\">\n\t\t\t\t\t\t<div class=\"elementor-element elementor-element-ae530b0 elementor-widget elementor-widget-heading\" data-id=\"ae530b0\" data-element_type=\"widget\" data-e-type=\"widget\" data-widget_type=\"heading.default\">\n\t\t\t\t<div class=\"elementor-widget-container\">\n\t\t\t\t\t<h2 class=\"elementor-heading-title elementor-size-medium\">John Rightmyer<\/h2>\t\t\t\t<\/div>\n\t\t\t\t<\/div>\n\t\t\t\t<div class=\"elementor-element elementor-element-745733b elementor-hidden-desktop elementor-hidden-tablet elementor-widget elementor-widget-image\" data-id=\"745733b\" data-element_type=\"widget\" data-e-type=\"widget\" data-widget_type=\"image.default\">\n\t\t\t\t<div class=\"elementor-widget-container\">\n\t\t\t\t\t\t\t\t\t\t\t\t\t\t\t<img fetchpriority=\"high\" decoding=\"async\" width=\"500\" height=\"490\" src=\"https:\/\/cdiazlf.dosbitweb.cl\/wp-content\/uploads\/2021\/07\/Jhon-Rightmeyer-pa8aip9r1ivjbi5f.png\" class=\"attachment-large size-large wp-image-10751\" alt=\"\" srcset=\"https:\/\/cdiazlf.dosbitweb.cl\/wp-content\/uploads\/2021\/07\/Jhon-Rightmeyer-pa8aip9r1ivjbi5f.png 500w, https:\/\/cdiazlf.dosbitweb.cl\/wp-content\/uploads\/2021\/07\/Jhon-Rightmeyer-pa8aip9r1ivjbi5f-300x294.png 300w, https:\/\/cdiazlf.dosbitweb.cl\/wp-content\/uploads\/2021\/07\/Jhon-Rightmeyer-pa8aip9r1ivjbi5f-12x12.png 12w\" sizes=\"(max-width: 500px) 100vw, 500px\" \/>\t\t\t\t\t\t\t\t\t\t\t\t\t\t\t<\/div>\n\t\t\t\t<\/div>\n\t\t\t\t<div class=\"elementor-element elementor-element-76c02dc elementor-widget elementor-widget-text-editor\" data-id=\"76c02dc\" data-element_type=\"widget\" data-e-type=\"widget\" data-widget_type=\"text-editor.default\">\n\t\t\t\t<div class=\"elementor-widget-container\">\n\t\t\t\t\t\t\t\t\t<p>El abogado John Rightmyer obtuvo su Doctorado en Jurisprudencia de la Universidad de St. Mary y recibi\u00f3 su licenciatura en econom\u00eda de la Universidad de Texas A&amp;M y su maestr\u00eda en econom\u00eda de la Universidad de Texas en San Antonio.<\/p><p>Tiene licencia para ejercer derecho en Texas desde 2006 y ha pasado la mayor parte de su pr\u00e1ctica haciendo defensa civil y criminal en el sur de Texas y las \u00e1reas de Hill Country. Actualmente forma parte del equipo de la Firma de Abogados Manuel D\u00edaz donde su enfoque principal es Defensa Criminal en nuestra oficina en San Antonio.<\/p>\t\t\t\t\t\t\t\t<\/div>\n\t\t\t\t<\/div>\n\t\t\t\t<div class=\"elementor-element elementor-element-2aeb59f elementor-widget elementor-widget-text-editor\" data-id=\"2aeb59f\" data-element_type=\"widget\" data-e-type=\"widget\" data-widget_type=\"text-editor.default\">\n\t\t\t\t<div class=\"elementor-widget-container\">\n\t\t\t\t\t\t\t\t\t<p><strong>EDUCACION<\/strong><\/p><p>St. Mary\u2019s University<br \/>San Antonio, Texas, J.D. 2005<\/p><p>Universidad de Texas en San Antonio<br \/>San Antonio, Texas<br \/>MA., Economics 2005<\/p><p>Texas A&amp;M University<br \/>College Station, Texas<br \/>BS, Economics, 2000<\/p>\t\t\t\t\t\t\t\t<\/div>\n\t\t\t\t<\/div>\n\t\t\t\t\t<\/div>\n\t\t<\/div>\n\t\t\t\t<div class=\"elementor-column elementor-col-25 elementor-top-column elementor-element elementor-element-fe858b1\" data-id=\"fe858b1\" data-element_type=\"column\" data-e-type=\"column\" data-settings=\"{&quot;background_background&quot;:&quot;classic&quot;}\">\n\t\t\t<div class=\"elementor-widget-wrap elementor-element-populated\">\n\t\t\t\t\t\t<div class=\"elementor-element elementor-element-03f7789 elementor-hidden-phone elementor-widget elementor-widget-image\" data-id=\"03f7789\" data-element_type=\"widget\" data-e-type=\"widget\" data-widget_type=\"image.default\">\n\t\t\t\t<div class=\"elementor-widget-container\">\n\t\t\t\t\t\t\t\t\t\t\t\t\t\t\t<img fetchpriority=\"high\" decoding=\"async\" width=\"500\" height=\"490\" src=\"https:\/\/cdiazlf.dosbitweb.cl\/wp-content\/uploads\/2021\/07\/Jhon-Rightmeyer-pa8aip9r1ivjbi5f.png\" class=\"attachment-large size-large wp-image-10751\" alt=\"\" srcset=\"https:\/\/cdiazlf.dosbitweb.cl\/wp-content\/uploads\/2021\/07\/Jhon-Rightmeyer-pa8aip9r1ivjbi5f.png 500w, https:\/\/cdiazlf.dosbitweb.cl\/wp-content\/uploads\/2021\/07\/Jhon-Rightmeyer-pa8aip9r1ivjbi5f-300x294.png 300w, https:\/\/cdiazlf.dosbitweb.cl\/wp-content\/uploads\/2021\/07\/Jhon-Rightmeyer-pa8aip9r1ivjbi5f-12x12.png 12w\" sizes=\"(max-width: 500px) 100vw, 500px\" \/>\t\t\t\t\t\t\t\t\t\t\t\t\t\t\t<\/div>\n\t\t\t\t<\/div>\n\t\t\t\t<div class=\"elementor-element elementor-element-c3c42f3 elementor-widget elementor-widget-text-editor\" data-id=\"c3c42f3\" data-element_type=\"widget\" data-e-type=\"widget\" data-widget_type=\"text-editor.default\">\n\t\t\t\t<div class=\"elementor-widget-container\">\n\t\t\t\t\t\t\t\t\t<h5>ASOCIACIONES PROFESIONALES Y MEMBRES\u00cdAS<\/h5>\t\t\t\t\t\t\t\t<\/div>\n\t\t\t\t<\/div>\n\t\t\t\t<div class=\"elementor-element elementor-element-18b9fbf elementor-widget elementor-widget-text-editor\" data-id=\"18b9fbf\" data-element_type=\"widget\" data-e-type=\"widget\" data-widget_type=\"text-editor.default\">\n\t\t\t\t<div class=\"elementor-widget-container\">\n\t\t\t\t\t\t\t\t\t<ul><li>Colegio de Abogados del Estado de Texas<\/li><li>Tribunal de Distrito de EE. UU., Distrito Oeste de Texas<\/li><li>Tribunal de Distrito de EE. UU., Distrito Sur de Texas<\/li><li>Asociaci\u00f3n de Abogados de Defensa Criminal de Texas<\/li><li>Asociaci\u00f3n de Abogados de Defensa Criminal de San Antonio<\/li><\/ul>\t\t\t\t\t\t\t\t<\/div>\n\t\t\t\t<\/div>\n\t\t\t\t<div class=\"elementor-element elementor-element-e7558a1 elementor-widget elementor-widget-text-editor\" data-id=\"e7558a1\" data-element_type=\"widget\" data-e-type=\"widget\" data-widget_type=\"text-editor.default\">\n\t\t\t\t<div class=\"elementor-widget-container\">\n\t\t\t\t\t\t\t\t\t<h5>IDIOMA<\/h5><p>Ingl\u00e9s<\/p>\t\t\t\t\t\t\t\t<\/div>\n\t\t\t\t<\/div>\n\t\t\t\t\t<\/div>\n\t\t<\/div>\n\t\t\t\t\t<\/div>\n\t\t<\/section>\n\t\t\t\t<\/div>","protected":false},"excerpt":{"rendered":"<p>John Rightmyer CRIMINAL LAW MANUEL D\u00cdAZ JEFFERY MORROW DAVID LOPEZ ANDREA AGUILAR BRITTNEY MCCLINTON JAMES PIEL\u200b MARIE GALINDO MITCHELL DOOLEY BREANNA GRIFFIN COURTNEY MILLER JEREMY HOBBS JOEL JOHN JOHN RIGHTMYER JOSIA JOSE MARISSA YOUNG ROBERT TORREY ANTHONY ALVARADO ALYSSA FEARS ASHLEY EDWARDS BRENDA COL\u00d3N CHERRELL HOLMES CHRISTIAN VEGA FERNANDO BAEZA JANEL OKAFOR REBECCAH ROSEBUSH TANISHA [&hellip;]<\/p>\n","protected":false},"author":21,"featured_media":10751,"parent":0,"menu_order":0,"comment_status":"closed","ping_status":"closed","template":"","meta":{"site-sidebar-layout":"no-sidebar","site-content-layout":"page-builder","ast-site-content-layout":"full-width-container","site-content-style":"unboxed","site-sidebar-style":"unboxed","ast-global-header-display":"","ast-banner-title-visibility":"","ast-main-header-display":"","ast-hfb-above-header-display":"","ast-hfb-below-header-display":"","ast-hfb-mobile-header-display":"","site-post-title":"disabled","ast-breadcrumbs-content":"","ast-featured-img":"disabled","footer-sml-layout":"","theme-transparent-header-meta":"default","adv-header-id-meta":"","stick-header-meta":"","header-above-stick-meta":"","header-main-stick-meta":"","header-below-stick-meta":"","astra-migrate-meta-layouts":"set","ast-page-background-enabled":"default","ast-page-background-meta":{"desktop":{"background-color":"","background-image":"","background-repeat":"repeat","background-position":"center center","background-size":"auto","background-attachment":"scroll","background-type":"","background-media":"","overlay-type":"","overlay-color":"","overlay-opacity":"","overlay-gradient":""},"tablet":{"background-color":"","background-image":"","background-repeat":"repeat","background-position":"center center","background-size":"auto","background-attachment":"scroll","background-type":"","background-media":"","overlay-type":"","overlay-color":"","overlay-opacity":"","overlay-gradient":""},"mobile":{"background-color":"","background-image":"","background-repeat":"repeat","background-position":"center center","background-size":"auto","background-attachment":"scroll","background-type":"","background-media":"","overlay-type":"","overlay-color":"","overlay-opacity":"","overlay-gradient":""}},"ast-content-background-meta":{"desktop":{"background-color":"var(--ast-global-color-5)","background-image":"","background-repeat":"repeat","background-position":"center center","background-size":"auto","background-attachment":"scroll","background-type":"","background-media":"","overlay-type":"","overlay-color":"","overlay-opacity":"","overlay-gradient":""},"tablet":{"background-color":"var(--ast-global-color-5)","background-image":"","background-repeat":"repeat","background-position":"center center","background-size":"auto","background-attachment":"scroll","background-type":"","background-media":"","overlay-type":"","overlay-color":"","overlay-opacity":"","overlay-gradient":""},"mobile":{"background-color":"var(--ast-global-color-5)","background-image":"","background-repeat":"repeat","background-position":"center center","background-size":"auto","background-attachment":"scroll","background-type":"","background-media":"","overlay-type":"","overlay-color":"","overlay-opacity":"","overlay-gradient":""}},"footnotes":""},"class_list":["post-7539","page","type-page","status-publish","has-post-thumbnail","hentry"],"yoast_head":"<!-- This site is optimized with the Yoast SEO plugin v27.4 - https:\/\/yoast.com\/product\/yoast-seo-wordpress\/ -->\n<title>John Rightmyer Criminal Defense Attorney | Manuel Diaz Law<\/title>\n<meta name=\"description\" content=\"John Rightmyer is currently part of the Manuel Diaz Law Firm team where his main focus is Criminal Defense in our San Antonio Office.\" \/>\n<meta name=\"robots\" content=\"index, follow, max-snippet:-1, max-image-preview:large, max-video-preview:-1\" \/>\n<link rel=\"canonical\" href=\"https:\/\/cdiazlf.dosbitweb.cl\/es\/john-rightmyer\/\" \/>\n<meta property=\"og:locale\" content=\"es_ES\" \/>\n<meta property=\"og:type\" content=\"article\" \/>\n<meta property=\"og:title\" content=\"John Rightmyer Criminal Defense Attorney | Manuel Diaz Law\" \/>\n<meta property=\"og:description\" content=\"John Rightmyer is currently part of the Manuel Diaz Law Firm team where his main focus is Criminal Defense in our San Antonio Office.\" \/>\n<meta property=\"og:url\" content=\"https:\/\/cdiazlf.dosbitweb.cl\/es\/john-rightmyer\/\" \/>\n<meta property=\"og:site_name\" content=\"Diaz Law Firm\" \/>\n<meta property=\"article:publisher\" content=\"https:\/\/www.facebook.com\/abogadomanueldiazfirm\/\" \/>\n<meta property=\"article:modified_time\" content=\"2024-01-05T07:43:09+00:00\" \/>\n<meta property=\"og:image\" content=\"https:\/\/cdiazlf.dosbitweb.cl\/wp-content\/uploads\/2021\/07\/Jhon-Rightmeyer-pa8aip9r1ivjbi5f.png\" \/>\n\t<meta property=\"og:image:width\" content=\"500\" \/>\n\t<meta property=\"og:image:height\" content=\"490\" \/>\n\t<meta property=\"og:image:type\" content=\"image\/png\" \/>\n<meta name=\"twitter:card\" content=\"summary_large_image\" \/>\n<meta name=\"twitter:site\" content=\"@diazlawfirmpc\" \/>\n<meta name=\"twitter:label1\" content=\"Tiempo de lectura\" \/>\n\t<meta name=\"twitter:data1\" content=\"2 minutos\" \/>\n<script type=\"application\/ld+json\" class=\"yoast-schema-graph\">{\"@context\":\"https:\\\/\\\/schema.org\",\"@graph\":[{\"@type\":\"WebPage\",\"@id\":\"https:\\\/\\\/cdiazlf.dosbitweb.cl\\\/john-rightmyer\\\/\",\"url\":\"https:\\\/\\\/cdiazlf.dosbitweb.cl\\\/john-rightmyer\\\/\",\"name\":\"John Rightmyer Criminal Defense Attorney | Manuel Diaz Law\",\"isPartOf\":{\"@id\":\"https:\\\/\\\/cdiazlf.dosbitweb.cl\\\/es\\\/#website\"},\"primaryImageOfPage\":{\"@id\":\"https:\\\/\\\/cdiazlf.dosbitweb.cl\\\/john-rightmyer\\\/#primaryimage\"},\"image\":{\"@id\":\"https:\\\/\\\/cdiazlf.dosbitweb.cl\\\/john-rightmyer\\\/#primaryimage\"},\"thumbnailUrl\":\"https:\\\/\\\/cdiazlf.dosbitweb.cl\\\/wp-content\\\/uploads\\\/2021\\\/07\\\/Jhon-Rightmeyer-pa8aip9r1ivjbi5f.png\",\"datePublished\":\"2020-11-03T05:50:35+00:00\",\"dateModified\":\"2024-01-05T07:43:09+00:00\",\"description\":\"John Rightmyer is currently part of the Manuel Diaz Law Firm team where his main focus is Criminal Defense in our San Antonio Office.\",\"breadcrumb\":{\"@id\":\"https:\\\/\\\/cdiazlf.dosbitweb.cl\\\/john-rightmyer\\\/#breadcrumb\"},\"inLanguage\":\"es\",\"potentialAction\":[{\"@type\":\"ReadAction\",\"target\":[\"https:\\\/\\\/cdiazlf.dosbitweb.cl\\\/john-rightmyer\\\/\"]}]},{\"@type\":\"ImageObject\",\"inLanguage\":\"es\",\"@id\":\"https:\\\/\\\/cdiazlf.dosbitweb.cl\\\/john-rightmyer\\\/#primaryimage\",\"url\":\"https:\\\/\\\/cdiazlf.dosbitweb.cl\\\/wp-content\\\/uploads\\\/2021\\\/07\\\/Jhon-Rightmeyer-pa8aip9r1ivjbi5f.png\",\"contentUrl\":\"https:\\\/\\\/cdiazlf.dosbitweb.cl\\\/wp-content\\\/uploads\\\/2021\\\/07\\\/Jhon-Rightmeyer-pa8aip9r1ivjbi5f.png\",\"width\":500,\"height\":490},{\"@type\":\"BreadcrumbList\",\"@id\":\"https:\\\/\\\/cdiazlf.dosbitweb.cl\\\/john-rightmyer\\\/#breadcrumb\",\"itemListElement\":[{\"@type\":\"ListItem\",\"position\":1,\"name\":\"Home\",\"item\":\"https:\\\/\\\/cdiazlf.dosbitweb.cl\\\/\"},{\"@type\":\"ListItem\",\"position\":2,\"name\":\"John Rightmyer\"}]},{\"@type\":\"WebSite\",\"@id\":\"https:\\\/\\\/cdiazlf.dosbitweb.cl\\\/es\\\/#website\",\"url\":\"https:\\\/\\\/cdiazlf.dosbitweb.cl\\\/es\\\/\",\"name\":\"Diaz Law Firm\",\"description\":\"Award-Winning Texas Law Firm Fighting For Your Rights\",\"publisher\":{\"@id\":\"https:\\\/\\\/cdiazlf.dosbitweb.cl\\\/es\\\/#organization\"},\"potentialAction\":[{\"@type\":\"SearchAction\",\"target\":{\"@type\":\"EntryPoint\",\"urlTemplate\":\"https:\\\/\\\/cdiazlf.dosbitweb.cl\\\/es\\\/?s={search_term_string}\"},\"query-input\":{\"@type\":\"PropertyValueSpecification\",\"valueRequired\":true,\"valueName\":\"search_term_string\"}}],\"inLanguage\":\"es\"},{\"@type\":\"Organization\",\"@id\":\"https:\\\/\\\/cdiazlf.dosbitweb.cl\\\/es\\\/#organization\",\"name\":\"Manuel Diaz Law Firm, PC\",\"url\":\"https:\\\/\\\/cdiazlf.dosbitweb.cl\\\/es\\\/\",\"logo\":{\"@type\":\"ImageObject\",\"inLanguage\":\"es\",\"@id\":\"https:\\\/\\\/cdiazlf.dosbitweb.cl\\\/es\\\/#\\\/schema\\\/logo\\\/image\\\/\",\"url\":\"https:\\\/\\\/cdiazlf.dosbitweb.cl\\\/wp-content\\\/uploads\\\/2020\\\/06\\\/Resized-Logo.png\",\"contentUrl\":\"https:\\\/\\\/cdiazlf.dosbitweb.cl\\\/wp-content\\\/uploads\\\/2020\\\/06\\\/Resized-Logo.png\",\"width\":512,\"height\":512,\"caption\":\"Manuel Diaz Law Firm, PC\"},\"image\":{\"@id\":\"https:\\\/\\\/cdiazlf.dosbitweb.cl\\\/es\\\/#\\\/schema\\\/logo\\\/image\\\/\"},\"sameAs\":[\"https:\\\/\\\/www.facebook.com\\\/abogadomanueldiazfirm\\\/\",\"https:\\\/\\\/x.com\\\/diazlawfirmpc\",\"https:\\\/\\\/www.linkedin.com\\\/company\\\/helms-johnson-&amp;-diaz-llp\",\"https:\\\/\\\/www.youtube.com\\\/channel\\\/UCtFmiVZvk5JHadWTjchJDiA\"]}]}<\/script>\n<!-- \/ Yoast SEO plugin. -->","yoast_head_json":{"title":"John Rightmyer Abogado en Defensa Criminal | Manuel Diaz Law","description":"John Rightmyer forma parte del equipo de Manuel Diaz Law Firm, con enfoque principal en la Defensa Penal para nuestra oficina de San Antonio.","robots":{"index":"index","follow":"follow","max-snippet":"max-snippet:-1","max-image-preview":"max-image-preview:large","max-video-preview":"max-video-preview:-1"},"canonical":"https:\/\/cdiazlf.dosbitweb.cl\/es\/john-rightmyer\/","og_locale":"es_ES","og_type":"article","og_title":"John Rightmyer Criminal Defense Attorney | Manuel Diaz Law","og_description":"John Rightmyer is currently part of the Manuel Diaz Law Firm team where his main focus is Criminal Defense in our San Antonio Office.","og_url":"https:\/\/cdiazlf.dosbitweb.cl\/es\/john-rightmyer\/","og_site_name":"Diaz Law Firm","article_publisher":"https:\/\/www.facebook.com\/abogadomanueldiazfirm\/","article_modified_time":"2024-01-05T07:43:09+00:00","og_image":[{"width":500,"height":490,"url":"https:\/\/cdiazlf.dosbitweb.cl\/wp-content\/uploads\/2021\/07\/Jhon-Rightmeyer-pa8aip9r1ivjbi5f.png","type":"image\/png"}],"twitter_card":"summary_large_image","twitter_site":"@diazlawfirmpc","twitter_misc":{"Tiempo de lectura":"2 minutos"},"schema":{"@context":"https:\/\/schema.org","@graph":[{"@type":"WebPage","@id":"https:\/\/cdiazlf.dosbitweb.cl\/john-rightmyer\/","url":"https:\/\/cdiazlf.dosbitweb.cl\/john-rightmyer\/","name":"John Rightmyer Abogado en Defensa Criminal | Manuel Diaz Law","isPartOf":{"@id":"https:\/\/cdiazlf.dosbitweb.cl\/es\/#website"},"primaryImageOfPage":{"@id":"https:\/\/cdiazlf.dosbitweb.cl\/john-rightmyer\/#primaryimage"},"image":{"@id":"https:\/\/cdiazlf.dosbitweb.cl\/john-rightmyer\/#primaryimage"},"thumbnailUrl":"https:\/\/cdiazlf.dosbitweb.cl\/wp-content\/uploads\/2021\/07\/Jhon-Rightmeyer-pa8aip9r1ivjbi5f.png","datePublished":"2020-11-03T05:50:35+00:00","dateModified":"2024-01-05T07:43:09+00:00","description":"John Rightmyer forma parte del equipo de Manuel Diaz Law Firm, con enfoque principal en la Defensa Penal para nuestra oficina de San Antonio.","breadcrumb":{"@id":"https:\/\/cdiazlf.dosbitweb.cl\/john-rightmyer\/#breadcrumb"},"inLanguage":"es","potentialAction":[{"@type":"ReadAction","target":["https:\/\/cdiazlf.dosbitweb.cl\/john-rightmyer\/"]}]},{"@type":"ImageObject","inLanguage":"es","@id":"https:\/\/cdiazlf.dosbitweb.cl\/john-rightmyer\/#primaryimage","url":"https:\/\/cdiazlf.dosbitweb.cl\/wp-content\/uploads\/2021\/07\/Jhon-Rightmeyer-pa8aip9r1ivjbi5f.png","contentUrl":"https:\/\/cdiazlf.dosbitweb.cl\/wp-content\/uploads\/2021\/07\/Jhon-Rightmeyer-pa8aip9r1ivjbi5f.png","width":500,"height":490},{"@type":"BreadcrumbList","@id":"https:\/\/cdiazlf.dosbitweb.cl\/john-rightmyer\/#breadcrumb","itemListElement":[{"@type":"ListItem","position":1,"name":"Home","item":"https:\/\/cdiazlf.dosbitweb.cl\/"},{"@type":"ListItem","position":2,"name":"John Rightmyer"}]},{"@type":"WebSite","@id":"https:\/\/cdiazlf.dosbitweb.cl\/es\/#website","url":"https:\/\/cdiazlf.dosbitweb.cl\/es\/","name":"Diaz Law Firm","description":"Firma de abogados l\u00edder en Texas luchando por tus derechos","publisher":{"@id":"https:\/\/cdiazlf.dosbitweb.cl\/es\/#organization"},"potentialAction":[{"@type":"SearchAction","target":{"@type":"EntryPoint","urlTemplate":"https:\/\/cdiazlf.dosbitweb.cl\/es\/?s={search_term_string}"},"query-input":{"@type":"PropertyValueSpecification","valueRequired":true,"valueName":"search_term_string"}}],"inLanguage":"es"},{"@type":"Organization","@id":"https:\/\/cdiazlf.dosbitweb.cl\/es\/#organization","name":"Manuel Diaz Law Firm, PC","url":"https:\/\/cdiazlf.dosbitweb.cl\/es\/","logo":{"@type":"ImageObject","inLanguage":"es","@id":"https:\/\/cdiazlf.dosbitweb.cl\/es\/#\/schema\/logo\/image\/","url":"https:\/\/cdiazlf.dosbitweb.cl\/wp-content\/uploads\/2020\/06\/Resized-Logo.png","contentUrl":"https:\/\/cdiazlf.dosbitweb.cl\/wp-content\/uploads\/2020\/06\/Resized-Logo.png","width":512,"height":512,"caption":"Manuel Diaz Law Firm, PC"},"image":{"@id":"https:\/\/cdiazlf.dosbitweb.cl\/es\/#\/schema\/logo\/image\/"},"sameAs":["https:\/\/www.facebook.com\/abogadomanueldiazfirm\/","https:\/\/x.com\/diazlawfirmpc","https:\/\/www.linkedin.com\/company\/helms-johnson-&amp;-diaz-llp","https:\/\/www.youtube.com\/channel\/UCtFmiVZvk5JHadWTjchJDiA"]}]}},"_links":{"self":[{"href":"https:\/\/cdiazlf.dosbitweb.cl\/es\/wp-json\/wp\/v2\/pages\/7539","targetHints":{"allow":["GET"]}}],"collection":[{"href":"https:\/\/cdiazlf.dosbitweb.cl\/es\/wp-json\/wp\/v2\/pages"}],"about":[{"href":"https:\/\/cdiazlf.dosbitweb.cl\/es\/wp-json\/wp\/v2\/types\/page"}],"author":[{"embeddable":true,"href":"https:\/\/cdiazlf.dosbitweb.cl\/es\/wp-json\/wp\/v2\/users\/21"}],"replies":[{"embeddable":true,"href":"https:\/\/cdiazlf.dosbitweb.cl\/es\/wp-json\/wp\/v2\/comments?post=7539"}],"version-history":[{"count":1,"href":"https:\/\/cdiazlf.dosbitweb.cl\/es\/wp-json\/wp\/v2\/pages\/7539\/revisions"}],"predecessor-version":[{"id":20620,"href":"https:\/\/cdiazlf.dosbitweb.cl\/es\/wp-json\/wp\/v2\/pages\/7539\/revisions\/20620"}],"wp:featuredmedia":[{"embeddable":true,"href":"https:\/\/cdiazlf.dosbitweb.cl\/es\/wp-json\/wp\/v2\/media\/10751"}],"wp:attachment":[{"href":"https:\/\/cdiazlf.dosbitweb.cl\/es\/wp-json\/wp\/v2\/media?parent=7539"}],"curies":[{"name":"wp","href":"https:\/\/api.w.org\/{rel}","templated":true}]}}