{"id":3027,"date":"2020-04-20T14:32:43","date_gmt":"2020-04-20T14:32:43","guid":{"rendered":"http:\/\/diazlawfirm.lionheaddigital.co\/?page_id=3027"},"modified":"2024-01-05T03:04:51","modified_gmt":"2024-01-05T09:04:51","slug":"john-helms","status":"publish","type":"page","link":"https:\/\/cdiazlf.dosbitweb.cl\/es\/john-helms\/","title":{"rendered":"JOHN HELMS\u200b"},"content":{"rendered":"<div data-elementor-type=\"wp-page\" data-elementor-id=\"3027\" class=\"elementor elementor-3027\" data-elementor-post-type=\"page\">\n\t\t\t\t\t\t<section class=\"elementor-section elementor-top-section elementor-element elementor-element-3d1ad2e elementor-section-height-min-height elementor-section-boxed elementor-section-height-default elementor-section-items-middle\" data-id=\"3d1ad2e\" data-element_type=\"section\" data-e-type=\"section\" data-settings=\"{&quot;background_background&quot;:&quot;classic&quot;}\">\n\t\t\t\t\t\t<div class=\"elementor-container elementor-column-gap-default\">\n\t\t\t\t\t<div class=\"elementor-column elementor-col-100 elementor-top-column elementor-element elementor-element-9c1ff05\" data-id=\"9c1ff05\" data-element_type=\"column\" data-e-type=\"column\">\n\t\t\t<div class=\"elementor-widget-wrap\">\n\t\t\t\t\t\t\t<\/div>\n\t\t<\/div>\n\t\t\t\t\t<\/div>\n\t\t<\/section>\n\t\t\t\t<section class=\"elementor-section elementor-top-section elementor-element elementor-element-6c80920 elementor-section-stretched elementor-section-boxed elementor-section-height-default elementor-section-height-default\" data-id=\"6c80920\" data-element_type=\"section\" data-e-type=\"section\" data-settings=\"{&quot;background_background&quot;:&quot;classic&quot;,&quot;stretch_section&quot;:&quot;section-stretched&quot;}\">\n\t\t\t\t\t\t<div class=\"elementor-container elementor-column-gap-default\">\n\t\t\t\t\t<div class=\"elementor-column elementor-col-100 elementor-top-column elementor-element elementor-element-9447781\" data-id=\"9447781\" data-element_type=\"column\" data-e-type=\"column\">\n\t\t\t<div class=\"elementor-widget-wrap elementor-element-populated\">\n\t\t\t\t\t\t<div class=\"elementor-element elementor-element-07b80fd elementor-widget elementor-widget-heading\" data-id=\"07b80fd\" data-element_type=\"widget\" data-e-type=\"widget\" data-widget_type=\"heading.default\">\n\t\t\t\t<div class=\"elementor-widget-container\">\n\t\t\t\t\t<h1 class=\"elementor-heading-title elementor-size-default\">JOHN HELMS<\/h1>\t\t\t\t<\/div>\n\t\t\t\t<\/div>\n\t\t\t\t<div class=\"elementor-element elementor-element-6264fc3 elementor-widget elementor-widget-text-editor\" data-id=\"6264fc3\" data-element_type=\"widget\" data-e-type=\"widget\" data-widget_type=\"text-editor.default\">\n\t\t\t\t<div class=\"elementor-widget-container\">\n\t\t\t\t\t\t\t\t\t<p>Defensa Penal Y Derecho Civil<\/p>\t\t\t\t\t\t\t\t<\/div>\n\t\t\t\t<\/div>\n\t\t\t\t\t<\/div>\n\t\t<\/div>\n\t\t\t\t\t<\/div>\n\t\t<\/section>\n\t\t\t\t<section class=\"elementor-section elementor-top-section elementor-element elementor-element-711726c elementor-section-boxed elementor-section-height-default elementor-section-height-default\" data-id=\"711726c\" data-element_type=\"section\" data-e-type=\"section\" data-settings=\"{&quot;background_background&quot;:&quot;classic&quot;}\">\n\t\t\t\t\t\t<div class=\"elementor-container elementor-column-gap-default\">\n\t\t\t\t\t<div class=\"elementor-column elementor-col-25 elementor-top-column elementor-element elementor-element-d6f0849\" data-id=\"d6f0849\" data-element_type=\"column\" data-e-type=\"column\">\n\t\t\t<div class=\"elementor-widget-wrap elementor-element-populated\">\n\t\t\t\t\t\t<div class=\"elementor-element elementor-element-0b99360 elementor-hidden-phone elementor-widget elementor-widget-global elementor-global-3102 elementor-widget-text-editor\" data-id=\"0b99360\" data-element_type=\"widget\" data-e-type=\"widget\" data-widget_type=\"text-editor.default\">\n\t\t\t\t<div class=\"elementor-widget-container\">\n\t\t\t\t\t\t\t\t\t<p><a href=\"\/es\/manuel-diaz\/\">MANUEL D\u00cdAZ<\/a><br><a href=\"\/es\/jeffery-morrow\/\">JEFFERY MORROW<\/a><br><a href=\"\/es\/andrea-aguilar\/\">ANDREA AGUILAR<\/a><br><a href=\"\/es\/brittney-mcclinton\/\">BRITTNEY MCCLINTON<\/a><br><a href=\"\/es\/mitchell-dooley\/\">MITCHELL DOOLEY<\/a><br><a href=\"\/es\/courtney-miller\/\">COURTNEY MILLER<\/a><br><a href=\"\/es\/jeremy-hobbs\/\">JEREMY HOBBS<\/a><br><a href=\"\/es\/john-rightmyer\/\">JOHN RIGHTMYER<\/a><br><a href=\"\/es\/janel-okafor\/\">JANEL OKAFOR<\/a><br><a href=\"\/es\/frances-seman\/\">FRANCES SEMAN<\/a><br><a href=\"\/es\/tanisha-taylor\/\">TANISHA TAYLOR<\/a><br><a href=\"\/es\/john-helms\/\">JOHN HELMS<\/a><br><a href=\"\/es\/marie-galindo\/\">MARIE GALINDO<\/a><br><a href=\"\/es\/nicole-brancroft\/\">NICOLE BANCROFT<\/a><br><a href=\"\/es\/jazzmond-j-turner\/\">Jazzmond J. Turner<\/a><br><a href=\"\/es\/nicholas-gibson\/\">Nicholas Gibson<\/a><br><a href=\"\/es\/nicholas-a-simental\/\">Nicholas A. Simental<\/a><br><a href=\"\/es\/monica-lisa-caballero\/\">Monica Lisa Caballero<\/a><\/p>\t\t\t\t\t\t\t\t<\/div>\n\t\t\t\t<\/div>\n\t\t\t\t\t<\/div>\n\t\t<\/div>\n\t\t\t\t<div class=\"elementor-column elementor-col-50 elementor-top-column elementor-element elementor-element-005d946\" data-id=\"005d946\" data-element_type=\"column\" data-e-type=\"column\">\n\t\t\t<div class=\"elementor-widget-wrap elementor-element-populated\">\n\t\t\t\t\t\t<div class=\"elementor-element elementor-element-ae530b0 elementor-widget elementor-widget-heading\" data-id=\"ae530b0\" data-element_type=\"widget\" data-e-type=\"widget\" data-widget_type=\"heading.default\">\n\t\t\t\t<div class=\"elementor-widget-container\">\n\t\t\t\t\t<h2 class=\"elementor-heading-title elementor-size-medium\"><h2>JOHN HELMS<\/h2><\/h2>\t\t\t\t<\/div>\n\t\t\t\t<\/div>\n\t\t\t\t<div class=\"elementor-element elementor-element-745733b elementor-hidden-desktop elementor-hidden-tablet elementor-widget elementor-widget-image\" data-id=\"745733b\" data-element_type=\"widget\" data-e-type=\"widget\" data-widget_type=\"image.default\">\n\t\t\t\t<div class=\"elementor-widget-container\">\n\t\t\t\t\t\t\t\t\t\t\t\t\t\t\t<img fetchpriority=\"high\" decoding=\"async\" width=\"768\" height=\"760\" src=\"https:\/\/cdiazlf.dosbitweb.cl\/wp-content\/uploads\/2021\/07\/John-Helms-2-768x760-1.png\" class=\"attachment-large size-large wp-image-10736\" alt=\"\" srcset=\"https:\/\/cdiazlf.dosbitweb.cl\/wp-content\/uploads\/2021\/07\/John-Helms-2-768x760-1.png 768w, https:\/\/cdiazlf.dosbitweb.cl\/wp-content\/uploads\/2021\/07\/John-Helms-2-768x760-1-300x297.png 300w, https:\/\/cdiazlf.dosbitweb.cl\/wp-content\/uploads\/2021\/07\/John-Helms-2-768x760-1-12x12.png 12w\" sizes=\"(max-width: 768px) 100vw, 768px\" \/>\t\t\t\t\t\t\t\t\t\t\t\t\t\t\t<\/div>\n\t\t\t\t<\/div>\n\t\t\t\t<div class=\"elementor-element elementor-element-76c02dc elementor-widget elementor-widget-text-editor\" data-id=\"76c02dc\" data-element_type=\"widget\" data-e-type=\"widget\" data-widget_type=\"text-editor.default\">\n\t\t\t\t<div class=\"elementor-widget-container\">\n\t\t\t\t\t\t\t\t\t<p>Con m\u00e1s de 20 a\u00f1os de experiencia en los cuales se ha desarrollado profesionalmente en casos de defensa criminal, litigio civil, litigio comercial, fraude de valores y cr\u00edmenes de drogas, el abogado Helms aporta grandes conocimientos y experiencia legal al despacho del abogado Manuel Diaz.\n\nDurante su trayectoria, fungi\u00f3 como Fiscal federal en donde se distingui\u00f3 por ganar con \u00e9xito todos los juicios en los que particip\u00f3, adicionalmente ha representado a algunas de las empresas de mayor importancia del pa\u00eds entre las cuales se encuentran Microsoft, Bank of Am\u00e9rica, ACE Cash Express y Philip Morris.<\/p>\t\t\t\t\t\t\t\t<\/div>\n\t\t\t\t<\/div>\n\t\t\t\t<div class=\"elementor-element elementor-element-2aeb59f elementor-widget elementor-widget-text-editor\" data-id=\"2aeb59f\" data-element_type=\"widget\" data-e-type=\"widget\" data-widget_type=\"text-editor.default\">\n\t\t\t\t<div class=\"elementor-widget-container\">\n\t\t\t\t\t\t\t\t\t<h5>EDUCACION<\/h5><p><span class=\"bold\">University of Texas School of Law<\/span><br \/>Ithaca, NY JD, 1990<\/p><p><span class=\"bold\">Dartmouth College<\/span><br \/>Hanover, NH<br \/>B.A. English, 1987<\/p>\t\t\t\t\t\t\t\t<\/div>\n\t\t\t\t<\/div>\n\t\t\t\t\t<\/div>\n\t\t<\/div>\n\t\t\t\t<div class=\"elementor-column elementor-col-25 elementor-top-column elementor-element elementor-element-fe858b1\" data-id=\"fe858b1\" data-element_type=\"column\" data-e-type=\"column\" data-settings=\"{&quot;background_background&quot;:&quot;classic&quot;}\">\n\t\t\t<div class=\"elementor-widget-wrap elementor-element-populated\">\n\t\t\t\t\t\t<div class=\"elementor-element elementor-element-cf20e30 elementor-hidden-phone elementor-widget elementor-widget-image\" data-id=\"cf20e30\" data-element_type=\"widget\" data-e-type=\"widget\" data-widget_type=\"image.default\">\n\t\t\t\t<div class=\"elementor-widget-container\">\n\t\t\t\t\t\t\t\t\t\t\t\t\t\t\t<img fetchpriority=\"high\" decoding=\"async\" width=\"768\" height=\"760\" src=\"https:\/\/cdiazlf.dosbitweb.cl\/wp-content\/uploads\/2021\/07\/John-Helms-2-768x760-1.png\" class=\"attachment-large size-large wp-image-10736\" alt=\"\" srcset=\"https:\/\/cdiazlf.dosbitweb.cl\/wp-content\/uploads\/2021\/07\/John-Helms-2-768x760-1.png 768w, https:\/\/cdiazlf.dosbitweb.cl\/wp-content\/uploads\/2021\/07\/John-Helms-2-768x760-1-300x297.png 300w, https:\/\/cdiazlf.dosbitweb.cl\/wp-content\/uploads\/2021\/07\/John-Helms-2-768x760-1-12x12.png 12w\" sizes=\"(max-width: 768px) 100vw, 768px\" \/>\t\t\t\t\t\t\t\t\t\t\t\t\t\t\t<\/div>\n\t\t\t\t<\/div>\n\t\t\t\t<div class=\"elementor-element elementor-element-c3c42f3 elementor-widget elementor-widget-text-editor\" data-id=\"c3c42f3\" data-element_type=\"widget\" data-e-type=\"widget\" data-widget_type=\"text-editor.default\">\n\t\t\t\t<div class=\"elementor-widget-container\">\n\t\t\t\t\t\t\t\t\t<h5>ASOCIACIONES PROFESIONALES Y MEMBRES\u00cdAS<\/h5>\t\t\t\t\t\t\t\t<\/div>\n\t\t\t\t<\/div>\n\t\t\t\t<div class=\"elementor-element elementor-element-18b9fbf elementor-widget elementor-widget-text-editor\" data-id=\"18b9fbf\" data-element_type=\"widget\" data-e-type=\"widget\" data-widget_type=\"text-editor.default\">\n\t\t\t\t<div class=\"elementor-widget-container\">\n\t\t\t\t\t\t\t\t\t<p class=\"bold\">Dallas Bar Foundation<\/p><p class=\"bold\">Fundaci\u00f3n de la Barra de Texas<\/p><h5>IDIOMAS<\/h5><p class=\"bold\">Ingl\u00e9s<\/p>\t\t\t\t\t\t\t\t<\/div>\n\t\t\t\t<\/div>\n\t\t\t\t\t<\/div>\n\t\t<\/div>\n\t\t\t\t\t<\/div>\n\t\t<\/section>\n\t\t\t\t<\/div>","protected":false},"excerpt":{"rendered":"<p>JOHN HELMS CRIMINAL AND CIVIL LAW MANUEL D\u00cdAZ JEFFERY MORROW DAVID LOPEZ ANDREA AGUILAR BRITTNEY MCCLINTON JAMES PIEL\u200b MARIE GALINDO MITCHELL DOOLEY BREANNA GRIFFIN COURTNEY MILLER JEREMY HOBBS JOEL JOHN JOHN RIGHTMYER JOSIA JOSE MARISSA YOUNG ROBERT TORREY ANTHONY ALVARADO ALYSSA FEARS ASHLEY EDWARDS BRENDA COL\u00d3N CHERRELL HOLMES CHRISTIAN VEGA FERNANDO BAEZA JANEL OKAFOR REBECCAH [&hellip;]<\/p>\n","protected":false},"author":21,"featured_media":10736,"parent":0,"menu_order":0,"comment_status":"closed","ping_status":"closed","template":"","meta":{"site-sidebar-layout":"no-sidebar","site-content-layout":"page-builder","ast-site-content-layout":"full-width-container","site-content-style":"unboxed","site-sidebar-style":"unboxed","ast-global-header-display":"","ast-banner-title-visibility":"","ast-main-header-display":"","ast-hfb-above-header-display":"","ast-hfb-below-header-display":"","ast-hfb-mobile-header-display":"","site-post-title":"disabled","ast-breadcrumbs-content":"","ast-featured-img":"disabled","footer-sml-layout":"","theme-transparent-header-meta":"default","adv-header-id-meta":"","stick-header-meta":"","header-above-stick-meta":"","header-main-stick-meta":"","header-below-stick-meta":"","astra-migrate-meta-layouts":"set","ast-page-background-enabled":"default","ast-page-background-meta":{"desktop":{"background-color":"","background-image":"","background-repeat":"repeat","background-position":"center center","background-size":"auto","background-attachment":"scroll","background-type":"","background-media":"","overlay-type":"","overlay-color":"","overlay-opacity":"","overlay-gradient":""},"tablet":{"background-color":"","background-image":"","background-repeat":"repeat","background-position":"center center","background-size":"auto","background-attachment":"scroll","background-type":"","background-media":"","overlay-type":"","overlay-color":"","overlay-opacity":"","overlay-gradient":""},"mobile":{"background-color":"","background-image":"","background-repeat":"repeat","background-position":"center center","background-size":"auto","background-attachment":"scroll","background-type":"","background-media":"","overlay-type":"","overlay-color":"","overlay-opacity":"","overlay-gradient":""}},"ast-content-background-meta":{"desktop":{"background-color":"var(--ast-global-color-5)","background-image":"","background-repeat":"repeat","background-position":"center center","background-size":"auto","background-attachment":"scroll","background-type":"","background-media":"","overlay-type":"","overlay-color":"","overlay-opacity":"","overlay-gradient":""},"tablet":{"background-color":"var(--ast-global-color-5)","background-image":"","background-repeat":"repeat","background-position":"center center","background-size":"auto","background-attachment":"scroll","background-type":"","background-media":"","overlay-type":"","overlay-color":"","overlay-opacity":"","overlay-gradient":""},"mobile":{"background-color":"var(--ast-global-color-5)","background-image":"","background-repeat":"repeat","background-position":"center center","background-size":"auto","background-attachment":"scroll","background-type":"","background-media":"","overlay-type":"","overlay-color":"","overlay-opacity":"","overlay-gradient":""}},"footnotes":""},"class_list":["post-3027","page","type-page","status-publish","has-post-thumbnail","hentry"],"yoast_head":"<!-- This site is optimized with the Yoast SEO plugin v27.4 - https:\/\/yoast.com\/product\/yoast-seo-wordpress\/ -->\n<title>John Helms Criminal, Civil Law Attorney | Manuel Diaz Law<\/title>\n<meta name=\"description\" content=\"John Helms Received His Law License In 1990 From The University Of Texas School Of Law. Now Serving As Criminal Law Attorney At Manuel Diaz Law Firm.\" \/>\n<meta name=\"robots\" content=\"index, follow, max-snippet:-1, max-image-preview:large, max-video-preview:-1\" \/>\n<link rel=\"canonical\" href=\"https:\/\/cdiazlf.dosbitweb.cl\/es\/john-helms\/\" \/>\n<meta property=\"og:locale\" content=\"es_ES\" \/>\n<meta property=\"og:type\" content=\"article\" \/>\n<meta property=\"og:title\" content=\"John Helms Criminal, Civil Law Attorney | Manuel Diaz Law\" \/>\n<meta property=\"og:description\" content=\"John Helms Received His Law License In 1990 From The University Of Texas School Of Law. Now Serving As Criminal Law Attorney At Manuel Diaz Law Firm.\" \/>\n<meta property=\"og:url\" content=\"https:\/\/cdiazlf.dosbitweb.cl\/es\/john-helms\/\" \/>\n<meta property=\"og:site_name\" content=\"Diaz Law Firm\" \/>\n<meta property=\"article:publisher\" content=\"https:\/\/www.facebook.com\/abogadomanueldiazfirm\/\" \/>\n<meta property=\"article:modified_time\" content=\"2024-01-05T09:04:51+00:00\" \/>\n<meta property=\"og:image\" content=\"https:\/\/cdiazlf.dosbitweb.cl\/wp-content\/uploads\/2021\/07\/John-Helms-2-768x760-1.png\" \/>\n\t<meta property=\"og:image:width\" content=\"768\" \/>\n\t<meta property=\"og:image:height\" content=\"760\" \/>\n\t<meta property=\"og:image:type\" content=\"image\/png\" \/>\n<meta name=\"twitter:card\" content=\"summary_large_image\" \/>\n<meta name=\"twitter:site\" content=\"@diazlawfirmpc\" \/>\n<meta name=\"twitter:label1\" content=\"Tiempo de lectura\" \/>\n\t<meta name=\"twitter:data1\" content=\"2 minutos\" \/>\n<script type=\"application\/ld+json\" class=\"yoast-schema-graph\">{\"@context\":\"https:\\\/\\\/schema.org\",\"@graph\":[{\"@type\":\"WebPage\",\"@id\":\"https:\\\/\\\/cdiazlf.dosbitweb.cl\\\/john-helms\\\/\",\"url\":\"https:\\\/\\\/cdiazlf.dosbitweb.cl\\\/john-helms\\\/\",\"name\":\"John Helms Criminal, Civil Law Attorney | Manuel Diaz Law\",\"isPartOf\":{\"@id\":\"https:\\\/\\\/cdiazlf.dosbitweb.cl\\\/es\\\/#website\"},\"primaryImageOfPage\":{\"@id\":\"https:\\\/\\\/cdiazlf.dosbitweb.cl\\\/john-helms\\\/#primaryimage\"},\"image\":{\"@id\":\"https:\\\/\\\/cdiazlf.dosbitweb.cl\\\/john-helms\\\/#primaryimage\"},\"thumbnailUrl\":\"https:\\\/\\\/cdiazlf.dosbitweb.cl\\\/wp-content\\\/uploads\\\/2021\\\/07\\\/John-Helms-2-768x760-1.png\",\"datePublished\":\"2020-04-20T14:32:43+00:00\",\"dateModified\":\"2024-01-05T09:04:51+00:00\",\"description\":\"John Helms Received His Law License In 1990 From The University Of Texas School Of Law. Now Serving As Criminal Law Attorney At Manuel Diaz Law Firm.\",\"breadcrumb\":{\"@id\":\"https:\\\/\\\/cdiazlf.dosbitweb.cl\\\/john-helms\\\/#breadcrumb\"},\"inLanguage\":\"es\",\"potentialAction\":[{\"@type\":\"ReadAction\",\"target\":[\"https:\\\/\\\/cdiazlf.dosbitweb.cl\\\/john-helms\\\/\"]}]},{\"@type\":\"ImageObject\",\"inLanguage\":\"es\",\"@id\":\"https:\\\/\\\/cdiazlf.dosbitweb.cl\\\/john-helms\\\/#primaryimage\",\"url\":\"https:\\\/\\\/cdiazlf.dosbitweb.cl\\\/wp-content\\\/uploads\\\/2021\\\/07\\\/John-Helms-2-768x760-1.png\",\"contentUrl\":\"https:\\\/\\\/cdiazlf.dosbitweb.cl\\\/wp-content\\\/uploads\\\/2021\\\/07\\\/John-Helms-2-768x760-1.png\",\"width\":768,\"height\":760},{\"@type\":\"BreadcrumbList\",\"@id\":\"https:\\\/\\\/cdiazlf.dosbitweb.cl\\\/john-helms\\\/#breadcrumb\",\"itemListElement\":[{\"@type\":\"ListItem\",\"position\":1,\"name\":\"Home\",\"item\":\"https:\\\/\\\/cdiazlf.dosbitweb.cl\\\/\"},{\"@type\":\"ListItem\",\"position\":2,\"name\":\"JOHN HELMS\u200b\"}]},{\"@type\":\"WebSite\",\"@id\":\"https:\\\/\\\/cdiazlf.dosbitweb.cl\\\/es\\\/#website\",\"url\":\"https:\\\/\\\/cdiazlf.dosbitweb.cl\\\/es\\\/\",\"name\":\"Diaz Law Firm\",\"description\":\"Award-Winning Texas Law Firm Fighting For Your Rights\",\"publisher\":{\"@id\":\"https:\\\/\\\/cdiazlf.dosbitweb.cl\\\/es\\\/#organization\"},\"potentialAction\":[{\"@type\":\"SearchAction\",\"target\":{\"@type\":\"EntryPoint\",\"urlTemplate\":\"https:\\\/\\\/cdiazlf.dosbitweb.cl\\\/es\\\/?s={search_term_string}\"},\"query-input\":{\"@type\":\"PropertyValueSpecification\",\"valueRequired\":true,\"valueName\":\"search_term_string\"}}],\"inLanguage\":\"es\"},{\"@type\":\"Organization\",\"@id\":\"https:\\\/\\\/cdiazlf.dosbitweb.cl\\\/es\\\/#organization\",\"name\":\"Manuel Diaz Law Firm, PC\",\"url\":\"https:\\\/\\\/cdiazlf.dosbitweb.cl\\\/es\\\/\",\"logo\":{\"@type\":\"ImageObject\",\"inLanguage\":\"es\",\"@id\":\"https:\\\/\\\/cdiazlf.dosbitweb.cl\\\/es\\\/#\\\/schema\\\/logo\\\/image\\\/\",\"url\":\"https:\\\/\\\/cdiazlf.dosbitweb.cl\\\/wp-content\\\/uploads\\\/2020\\\/06\\\/Resized-Logo.png\",\"contentUrl\":\"https:\\\/\\\/cdiazlf.dosbitweb.cl\\\/wp-content\\\/uploads\\\/2020\\\/06\\\/Resized-Logo.png\",\"width\":512,\"height\":512,\"caption\":\"Manuel Diaz Law Firm, PC\"},\"image\":{\"@id\":\"https:\\\/\\\/cdiazlf.dosbitweb.cl\\\/es\\\/#\\\/schema\\\/logo\\\/image\\\/\"},\"sameAs\":[\"https:\\\/\\\/www.facebook.com\\\/abogadomanueldiazfirm\\\/\",\"https:\\\/\\\/x.com\\\/diazlawfirmpc\",\"https:\\\/\\\/www.linkedin.com\\\/company\\\/helms-johnson-&amp;-diaz-llp\",\"https:\\\/\\\/www.youtube.com\\\/channel\\\/UCtFmiVZvk5JHadWTjchJDiA\"]}]}<\/script>\n<!-- \/ Yoast SEO plugin. -->","yoast_head_json":{"title":"John Helms Abogado Penal y Civil | Manuel Diaz Law Firm","description":"John Helms recibi\u00f3 su licencia de abogado en 1990 de la Facultad de Derecho de la Universidad de Texas. Ahora se desempe\u00f1a como abogado de derecho penal.","robots":{"index":"index","follow":"follow","max-snippet":"max-snippet:-1","max-image-preview":"max-image-preview:large","max-video-preview":"max-video-preview:-1"},"canonical":"https:\/\/cdiazlf.dosbitweb.cl\/es\/john-helms\/","og_locale":"es_ES","og_type":"article","og_title":"John Helms Criminal, Civil Law Attorney | Manuel Diaz Law","og_description":"John Helms Received His Law License In 1990 From The University Of Texas School Of Law. Now Serving As Criminal Law Attorney At Manuel Diaz Law Firm.","og_url":"https:\/\/cdiazlf.dosbitweb.cl\/es\/john-helms\/","og_site_name":"Diaz Law Firm","article_publisher":"https:\/\/www.facebook.com\/abogadomanueldiazfirm\/","article_modified_time":"2024-01-05T09:04:51+00:00","og_image":[{"width":768,"height":760,"url":"https:\/\/cdiazlf.dosbitweb.cl\/wp-content\/uploads\/2021\/07\/John-Helms-2-768x760-1.png","type":"image\/png"}],"twitter_card":"summary_large_image","twitter_site":"@diazlawfirmpc","twitter_misc":{"Tiempo de lectura":"2 minutos"},"schema":{"@context":"https:\/\/schema.org","@graph":[{"@type":"WebPage","@id":"https:\/\/cdiazlf.dosbitweb.cl\/john-helms\/","url":"https:\/\/cdiazlf.dosbitweb.cl\/john-helms\/","name":"John Helms Abogado Penal y Civil | Manuel Diaz Law Firm","isPartOf":{"@id":"https:\/\/cdiazlf.dosbitweb.cl\/es\/#website"},"primaryImageOfPage":{"@id":"https:\/\/cdiazlf.dosbitweb.cl\/john-helms\/#primaryimage"},"image":{"@id":"https:\/\/cdiazlf.dosbitweb.cl\/john-helms\/#primaryimage"},"thumbnailUrl":"https:\/\/cdiazlf.dosbitweb.cl\/wp-content\/uploads\/2021\/07\/John-Helms-2-768x760-1.png","datePublished":"2020-04-20T14:32:43+00:00","dateModified":"2024-01-05T09:04:51+00:00","description":"John Helms recibi\u00f3 su licencia de abogado en 1990 de la Facultad de Derecho de la Universidad de Texas. Ahora se desempe\u00f1a como abogado de derecho penal.","breadcrumb":{"@id":"https:\/\/cdiazlf.dosbitweb.cl\/john-helms\/#breadcrumb"},"inLanguage":"es","potentialAction":[{"@type":"ReadAction","target":["https:\/\/cdiazlf.dosbitweb.cl\/john-helms\/"]}]},{"@type":"ImageObject","inLanguage":"es","@id":"https:\/\/cdiazlf.dosbitweb.cl\/john-helms\/#primaryimage","url":"https:\/\/cdiazlf.dosbitweb.cl\/wp-content\/uploads\/2021\/07\/John-Helms-2-768x760-1.png","contentUrl":"https:\/\/cdiazlf.dosbitweb.cl\/wp-content\/uploads\/2021\/07\/John-Helms-2-768x760-1.png","width":768,"height":760},{"@type":"BreadcrumbList","@id":"https:\/\/cdiazlf.dosbitweb.cl\/john-helms\/#breadcrumb","itemListElement":[{"@type":"ListItem","position":1,"name":"Home","item":"https:\/\/cdiazlf.dosbitweb.cl\/"},{"@type":"ListItem","position":2,"name":"JOHN HELMS\u200b"}]},{"@type":"WebSite","@id":"https:\/\/cdiazlf.dosbitweb.cl\/es\/#website","url":"https:\/\/cdiazlf.dosbitweb.cl\/es\/","name":"Diaz Law Firm","description":"Firma de abogados l\u00edder en Texas luchando por tus derechos","publisher":{"@id":"https:\/\/cdiazlf.dosbitweb.cl\/es\/#organization"},"potentialAction":[{"@type":"SearchAction","target":{"@type":"EntryPoint","urlTemplate":"https:\/\/cdiazlf.dosbitweb.cl\/es\/?s={search_term_string}"},"query-input":{"@type":"PropertyValueSpecification","valueRequired":true,"valueName":"search_term_string"}}],"inLanguage":"es"},{"@type":"Organization","@id":"https:\/\/cdiazlf.dosbitweb.cl\/es\/#organization","name":"Manuel Diaz Law Firm, PC","url":"https:\/\/cdiazlf.dosbitweb.cl\/es\/","logo":{"@type":"ImageObject","inLanguage":"es","@id":"https:\/\/cdiazlf.dosbitweb.cl\/es\/#\/schema\/logo\/image\/","url":"https:\/\/cdiazlf.dosbitweb.cl\/wp-content\/uploads\/2020\/06\/Resized-Logo.png","contentUrl":"https:\/\/cdiazlf.dosbitweb.cl\/wp-content\/uploads\/2020\/06\/Resized-Logo.png","width":512,"height":512,"caption":"Manuel Diaz Law Firm, PC"},"image":{"@id":"https:\/\/cdiazlf.dosbitweb.cl\/es\/#\/schema\/logo\/image\/"},"sameAs":["https:\/\/www.facebook.com\/abogadomanueldiazfirm\/","https:\/\/x.com\/diazlawfirmpc","https:\/\/www.linkedin.com\/company\/helms-johnson-&amp;-diaz-llp","https:\/\/www.youtube.com\/channel\/UCtFmiVZvk5JHadWTjchJDiA"]}]}},"_links":{"self":[{"href":"https:\/\/cdiazlf.dosbitweb.cl\/es\/wp-json\/wp\/v2\/pages\/3027","targetHints":{"allow":["GET"]}}],"collection":[{"href":"https:\/\/cdiazlf.dosbitweb.cl\/es\/wp-json\/wp\/v2\/pages"}],"about":[{"href":"https:\/\/cdiazlf.dosbitweb.cl\/es\/wp-json\/wp\/v2\/types\/page"}],"author":[{"embeddable":true,"href":"https:\/\/cdiazlf.dosbitweb.cl\/es\/wp-json\/wp\/v2\/users\/21"}],"replies":[{"embeddable":true,"href":"https:\/\/cdiazlf.dosbitweb.cl\/es\/wp-json\/wp\/v2\/comments?post=3027"}],"version-history":[{"count":1,"href":"https:\/\/cdiazlf.dosbitweb.cl\/es\/wp-json\/wp\/v2\/pages\/3027\/revisions"}],"predecessor-version":[{"id":20631,"href":"https:\/\/cdiazlf.dosbitweb.cl\/es\/wp-json\/wp\/v2\/pages\/3027\/revisions\/20631"}],"wp:featuredmedia":[{"embeddable":true,"href":"https:\/\/cdiazlf.dosbitweb.cl\/es\/wp-json\/wp\/v2\/media\/10736"}],"wp:attachment":[{"href":"https:\/\/cdiazlf.dosbitweb.cl\/es\/wp-json\/wp\/v2\/media?parent=3027"}],"curies":[{"name":"wp","href":"https:\/\/api.w.org\/{rel}","templated":true}]}}