{"id":2982,"date":"2020-04-18T00:03:25","date_gmt":"2020-04-18T00:03:25","guid":{"rendered":"http:\/\/diazlawfirm.lionheaddigital.co\/?page_id=2982"},"modified":"2025-10-08T13:29:26","modified_gmt":"2025-10-08T19:29:26","slug":"manuel-diaz","status":"publish","type":"page","link":"https:\/\/cdiazlf.dosbitweb.cl\/es\/manuel-diaz\/","title":{"rendered":"MANUEL D\u00cdAZ"},"content":{"rendered":"<div data-elementor-type=\"wp-page\" data-elementor-id=\"2982\" class=\"elementor elementor-2982\" data-elementor-post-type=\"page\">\n\t\t\t\t\t\t<section class=\"elementor-section elementor-top-section elementor-element elementor-element-3d1ad2e elementor-section-height-min-height elementor-section-boxed elementor-section-height-default elementor-section-items-middle\" data-id=\"3d1ad2e\" data-element_type=\"section\" data-e-type=\"section\" data-settings=\"{&quot;background_background&quot;:&quot;classic&quot;}\">\n\t\t\t\t\t\t<div class=\"elementor-container elementor-column-gap-default\">\n\t\t\t\t\t<div class=\"elementor-column elementor-col-100 elementor-top-column elementor-element elementor-element-9c1ff05\" data-id=\"9c1ff05\" data-element_type=\"column\" data-e-type=\"column\">\n\t\t\t<div class=\"elementor-widget-wrap\">\n\t\t\t\t\t\t\t<\/div>\n\t\t<\/div>\n\t\t\t\t\t<\/div>\n\t\t<\/section>\n\t\t\t\t<section class=\"elementor-section elementor-top-section elementor-element elementor-element-6c80920 elementor-section-boxed elementor-section-height-default elementor-section-height-default\" data-id=\"6c80920\" data-element_type=\"section\" data-e-type=\"section\" data-settings=\"{&quot;background_background&quot;:&quot;classic&quot;}\">\n\t\t\t\t\t\t<div class=\"elementor-container elementor-column-gap-default\">\n\t\t\t\t\t<div class=\"elementor-column elementor-col-100 elementor-top-column elementor-element elementor-element-9447781\" data-id=\"9447781\" data-element_type=\"column\" data-e-type=\"column\">\n\t\t\t<div class=\"elementor-widget-wrap elementor-element-populated\">\n\t\t\t\t\t\t<div class=\"elementor-element elementor-element-07b80fd elementor-widget elementor-widget-heading\" data-id=\"07b80fd\" data-element_type=\"widget\" data-e-type=\"widget\" data-widget_type=\"heading.default\">\n\t\t\t\t<div class=\"elementor-widget-container\">\n\t\t\t\t\t<h1 class=\"elementor-heading-title elementor-size-default\">MANUEL D\u00cdAZ<\/h1>\t\t\t\t<\/div>\n\t\t\t\t<\/div>\n\t\t\t\t<div class=\"elementor-element elementor-element-6264fc3 elementor-widget elementor-widget-text-editor\" data-id=\"6264fc3\" data-element_type=\"widget\" data-e-type=\"widget\" data-widget_type=\"text-editor.default\">\n\t\t\t\t<div class=\"elementor-widget-container\">\n\t\t\t\t\t\t\t\t\t<p>CEO Y FUNDADOR<\/p>\t\t\t\t\t\t\t\t<\/div>\n\t\t\t\t<\/div>\n\t\t\t\t\t<\/div>\n\t\t<\/div>\n\t\t\t\t\t<\/div>\n\t\t<\/section>\n\t\t\t\t<section class=\"elementor-section elementor-top-section elementor-element elementor-element-711726c elementor-section-boxed elementor-section-height-default elementor-section-height-default\" data-id=\"711726c\" data-element_type=\"section\" data-e-type=\"section\" data-settings=\"{&quot;background_background&quot;:&quot;classic&quot;}\">\n\t\t\t\t\t\t<div class=\"elementor-container elementor-column-gap-default\">\n\t\t\t\t\t<div class=\"elementor-column elementor-col-25 elementor-top-column elementor-element elementor-element-005d946 elementor-hidden-phone\" data-id=\"005d946\" data-element_type=\"column\" data-e-type=\"column\">\n\t\t\t<div class=\"elementor-widget-wrap elementor-element-populated\">\n\t\t\t\t\t\t<div class=\"elementor-element elementor-element-237c1c1 elementor-hidden-phone elementor-widget elementor-widget-global elementor-global-3102 elementor-widget-text-editor\" data-id=\"237c1c1\" data-element_type=\"widget\" data-e-type=\"widget\" data-widget_type=\"text-editor.default\">\n\t\t\t\t<div class=\"elementor-widget-container\">\n\t\t\t\t\t\t\t\t\t<p><a href=\"\/es\/manuel-diaz\/\">MANUEL D\u00cdAZ<\/a><br><a href=\"\/es\/jeffery-morrow\/\">JEFFERY MORROW<\/a><br><a href=\"\/es\/andrea-aguilar\/\">ANDREA AGUILAR<\/a><br><a href=\"\/es\/brittney-mcclinton\/\">BRITTNEY MCCLINTON<\/a><br><a href=\"\/es\/mitchell-dooley\/\">MITCHELL DOOLEY<\/a><br><a href=\"\/es\/courtney-miller\/\">COURTNEY MILLER<\/a><br><a href=\"\/es\/jeremy-hobbs\/\">JEREMY HOBBS<\/a><br><a href=\"\/es\/john-rightmyer\/\">JOHN RIGHTMYER<\/a><br><a href=\"\/es\/janel-okafor\/\">JANEL OKAFOR<\/a><br><a href=\"\/es\/frances-seman\/\">FRANCES SEMAN<\/a><br><a href=\"\/es\/tanisha-taylor\/\">TANISHA TAYLOR<\/a><br><a href=\"\/es\/john-helms\/\">JOHN HELMS<\/a><br><a href=\"\/es\/marie-galindo\/\">MARIE GALINDO<\/a><br><a href=\"\/es\/nicole-brancroft\/\">NICOLE BANCROFT<\/a><br><a href=\"\/es\/jazzmond-j-turner\/\">Jazzmond J. Turner<\/a><br><a href=\"\/es\/nicholas-gibson\/\">Nicholas Gibson<\/a><br><a href=\"\/es\/nicholas-a-simental\/\">Nicholas A. Simental<\/a><br><a href=\"\/es\/monica-lisa-caballero\/\">Monica Lisa Caballero<\/a><\/p>\t\t\t\t\t\t\t\t<\/div>\n\t\t\t\t<\/div>\n\t\t\t\t\t<\/div>\n\t\t<\/div>\n\t\t\t\t<div class=\"elementor-column elementor-col-50 elementor-top-column elementor-element elementor-element-d489995\" data-id=\"d489995\" data-element_type=\"column\" data-e-type=\"column\">\n\t\t\t<div class=\"elementor-widget-wrap elementor-element-populated\">\n\t\t\t\t\t\t<div class=\"elementor-element elementor-element-92a52ae elementor-widget elementor-widget-heading\" data-id=\"92a52ae\" data-element_type=\"widget\" data-e-type=\"widget\" data-widget_type=\"heading.default\">\n\t\t\t\t<div class=\"elementor-widget-container\">\n\t\t\t\t\t<h2 class=\"elementor-heading-title elementor-size-medium\">MANUEL D\u00cdAZ<\/h2>\t\t\t\t<\/div>\n\t\t\t\t<\/div>\n\t\t\t\t<div class=\"elementor-element elementor-element-1f8646b elementor-hidden-desktop elementor-hidden-tablet elementor-widget elementor-widget-image\" data-id=\"1f8646b\" data-element_type=\"widget\" data-e-type=\"widget\" data-widget_type=\"image.default\">\n\t\t\t\t<div class=\"elementor-widget-container\">\n\t\t\t\t\t\t\t\t\t\t\t\t\t\t\t<img fetchpriority=\"high\" decoding=\"async\" width=\"768\" height=\"754\" src=\"https:\/\/cdiazlf.dosbitweb.cl\/wp-content\/uploads\/2021\/07\/DTX_ManuelDiaz-2112-768x754-1.png\" class=\"attachment-large size-large wp-image-10734\" alt=\"\" srcset=\"https:\/\/cdiazlf.dosbitweb.cl\/wp-content\/uploads\/2021\/07\/DTX_ManuelDiaz-2112-768x754-1.png 768w, https:\/\/cdiazlf.dosbitweb.cl\/wp-content\/uploads\/2021\/07\/DTX_ManuelDiaz-2112-768x754-1-300x295.png 300w, https:\/\/cdiazlf.dosbitweb.cl\/wp-content\/uploads\/2021\/07\/DTX_ManuelDiaz-2112-768x754-1-12x12.png 12w\" sizes=\"(max-width: 768px) 100vw, 768px\" \/>\t\t\t\t\t\t\t\t\t\t\t\t\t\t\t<\/div>\n\t\t\t\t<\/div>\n\t\t\t\t<div class=\"elementor-element elementor-element-e27370d elementor-widget elementor-widget-text-editor\" data-id=\"e27370d\" data-element_type=\"widget\" data-e-type=\"widget\" data-widget_type=\"text-editor.default\">\n\t\t\t\t<div class=\"elementor-widget-container\">\n\t\t\t\t\t\t\t\t\t<div class=\"middleColumn\"><p>El abogado Manuel D\u00edaz es originario de la Ciudad de M\u00e9xico y creci\u00f3 en Brownsville, Texas. Doctor en derecho por la \u201cSMU Dedman School of Law\u201d; se gradu\u00f3 con honores de la \u201cSouthern Methodist University\u2019s Cox School of Business\u201d. As\u00ed mismo, cuenta con un diplomado en Traducci\u00f3n de espa\u00f1ol a ingles por la \u201cUniversity of Texas at Brownsville\u201d.<\/p><h5>\u00a0<\/h5><\/div>\t\t\t\t\t\t\t\t<\/div>\n\t\t\t\t<\/div>\n\t\t\t\t<div class=\"elementor-element elementor-element-4cfa016 elementor-widget elementor-widget-text-editor\" data-id=\"4cfa016\" data-element_type=\"widget\" data-e-type=\"widget\" data-widget_type=\"text-editor.default\">\n\t\t\t\t<div class=\"elementor-widget-container\">\n\t\t\t\t\t\t\t\t\t<h5>EDUCACION<\/h5><p>Southern Methodist University Dedman School of Law<br \/>Dallas, Texas J.D., 2007<\/p><h6>HONORES:<\/h6><p>(Asociaci\u00f3n de Estudiantes de Derecho Hispanos)<br \/>Presidente 2006-2007<\/p><p>Southern Methodist University Cox School of Business<br \/>Dallas, Texas<br \/>B.B.A., 2004 (Cum Laude)<\/p><p>University of Texas at Brownsville<br \/>Brownsville, Texas<br \/>A.A., Traducci\u00f3n Espa\u00f1ol\/Ingl\u00e9s, 2002<\/p>\t\t\t\t\t\t\t\t<\/div>\n\t\t\t\t<\/div>\n\t\t\t\t\t<\/div>\n\t\t<\/div>\n\t\t\t\t<div class=\"elementor-column elementor-col-25 elementor-top-column elementor-element elementor-element-fe858b1\" data-id=\"fe858b1\" data-element_type=\"column\" data-e-type=\"column\" data-settings=\"{&quot;background_background&quot;:&quot;classic&quot;}\">\n\t\t\t<div class=\"elementor-widget-wrap elementor-element-populated\">\n\t\t\t\t\t\t<div class=\"elementor-element elementor-element-745733b elementor-hidden-phone elementor-widget elementor-widget-image\" data-id=\"745733b\" data-element_type=\"widget\" data-e-type=\"widget\" data-widget_type=\"image.default\">\n\t\t\t\t<div class=\"elementor-widget-container\">\n\t\t\t\t\t\t\t\t\t\t\t\t\t\t\t<img fetchpriority=\"high\" decoding=\"async\" width=\"768\" height=\"754\" src=\"https:\/\/cdiazlf.dosbitweb.cl\/wp-content\/uploads\/2021\/07\/DTX_ManuelDiaz-2112-768x754-1.png\" class=\"attachment-large size-large wp-image-10734\" alt=\"\" srcset=\"https:\/\/cdiazlf.dosbitweb.cl\/wp-content\/uploads\/2021\/07\/DTX_ManuelDiaz-2112-768x754-1.png 768w, https:\/\/cdiazlf.dosbitweb.cl\/wp-content\/uploads\/2021\/07\/DTX_ManuelDiaz-2112-768x754-1-300x295.png 300w, https:\/\/cdiazlf.dosbitweb.cl\/wp-content\/uploads\/2021\/07\/DTX_ManuelDiaz-2112-768x754-1-12x12.png 12w\" sizes=\"(max-width: 768px) 100vw, 768px\" \/>\t\t\t\t\t\t\t\t\t\t\t\t\t\t\t<\/div>\n\t\t\t\t<\/div>\n\t\t\t\t<div class=\"elementor-element elementor-element-c3c42f3 elementor-widget elementor-widget-text-editor\" data-id=\"c3c42f3\" data-element_type=\"widget\" data-e-type=\"widget\" data-widget_type=\"text-editor.default\">\n\t\t\t\t<div class=\"elementor-widget-container\">\n\t\t\t\t\t\t\t\t\t<h5>ASOCIACIONES PROFESIONALES Y MEMBRES\u00cdAS<\/h5>\t\t\t\t\t\t\t\t<\/div>\n\t\t\t\t<\/div>\n\t\t\t\t<div class=\"elementor-element elementor-element-18b9fbf elementor-widget elementor-widget-text-editor\" data-id=\"18b9fbf\" data-element_type=\"widget\" data-e-type=\"widget\" data-widget_type=\"text-editor.default\">\n\t\t\t\t<div class=\"elementor-widget-container\">\n\t\t\t\t\t\t\t\t\t<p class=\"bold\">Colegio de Abogados del Estado de Texas<\/p>\nDallas Bar Association\nTexas DWI Defense Lawyers Association, Director\nDallas CASA, Board of Directors\nDallas Association of Young Lawyers, Fellow\nDallas Committee on Foreign Relations, Term-Member\nMexican-American Bar Association\nDallas Hispanic Bar Association\n<h5 style=\"font-style: normal;\">IDIOMAS<\/h5>\n<p class=\"bold\" style=\"font-size: 18px; font-style: normal; font-weight: 400; color: #000000;\"><span style=\"font-size: 18px; font-weight: bold;\">Ingl\u00e9s<\/span>\n<span style=\"font-size: 18px; font-weight: bold;\">Espa\u00f1ol<\/span><\/p>\t\t\t\t\t\t\t\t<\/div>\n\t\t\t\t<\/div>\n\t\t\t\t\t<\/div>\n\t\t<\/div>\n\t\t\t\t\t<\/div>\n\t\t<\/section>\n\t\t\t\t<\/div>","protected":false},"excerpt":{"rendered":"<p>MANUEL D\u00cdAZ CEO AND FOUNDER MANUEL D\u00cdAZJEFFERY MORROWANDREA AGUILARBRITTNEY MCCLINTONBRONSON YAKEMITCHELL DOOLEYCOURTNEY MILLERJEREMY HOBBSJOHN RIGHTMYERJANEL OKAFORFRANCES SEMANTANISHA TAYLORJOHN HELMSMARIE GALINDONICOLE BANCROFTJazzmond J. TurnerNicholas GibsonNicholas A. SimentalMonica Lisa Caballero MANUEL D\u00cdAZ Attorney Diaz is a native of Mexico City and was raised in Brownsville, Texas. Before founding the Diaz Law Firm, PC in Dallas, attorney Diaz [&hellip;]<\/p>\n","protected":false},"author":21,"featured_media":10734,"parent":0,"menu_order":0,"comment_status":"closed","ping_status":"closed","template":"","meta":{"site-sidebar-layout":"no-sidebar","site-content-layout":"page-builder","ast-site-content-layout":"full-width-container","site-content-style":"unboxed","site-sidebar-style":"unboxed","ast-global-header-display":"","ast-banner-title-visibility":"","ast-main-header-display":"","ast-hfb-above-header-display":"","ast-hfb-below-header-display":"","ast-hfb-mobile-header-display":"","site-post-title":"disabled","ast-breadcrumbs-content":"","ast-featured-img":"disabled","footer-sml-layout":"","theme-transparent-header-meta":"default","adv-header-id-meta":"","stick-header-meta":"","header-above-stick-meta":"","header-main-stick-meta":"","header-below-stick-meta":"","astra-migrate-meta-layouts":"set","ast-page-background-enabled":"default","ast-page-background-meta":{"desktop":{"background-color":"","background-image":"","background-repeat":"repeat","background-position":"center center","background-size":"auto","background-attachment":"scroll","background-type":"","background-media":"","overlay-type":"","overlay-color":"","overlay-opacity":"","overlay-gradient":""},"tablet":{"background-color":"","background-image":"","background-repeat":"repeat","background-position":"center center","background-size":"auto","background-attachment":"scroll","background-type":"","background-media":"","overlay-type":"","overlay-color":"","overlay-opacity":"","overlay-gradient":""},"mobile":{"background-color":"","background-image":"","background-repeat":"repeat","background-position":"center center","background-size":"auto","background-attachment":"scroll","background-type":"","background-media":"","overlay-type":"","overlay-color":"","overlay-opacity":"","overlay-gradient":""}},"ast-content-background-meta":{"desktop":{"background-color":"var(--ast-global-color-5)","background-image":"","background-repeat":"repeat","background-position":"center center","background-size":"auto","background-attachment":"scroll","background-type":"","background-media":"","overlay-type":"","overlay-color":"","overlay-opacity":"","overlay-gradient":""},"tablet":{"background-color":"var(--ast-global-color-5)","background-image":"","background-repeat":"repeat","background-position":"center center","background-size":"auto","background-attachment":"scroll","background-type":"","background-media":"","overlay-type":"","overlay-color":"","overlay-opacity":"","overlay-gradient":""},"mobile":{"background-color":"var(--ast-global-color-5)","background-image":"","background-repeat":"repeat","background-position":"center center","background-size":"auto","background-attachment":"scroll","background-type":"","background-media":"","overlay-type":"","overlay-color":"","overlay-opacity":"","overlay-gradient":""}},"footnotes":""},"class_list":["post-2982","page","type-page","status-publish","has-post-thumbnail","hentry"],"yoast_head":"<!-- This site is optimized with the Yoast SEO plugin v27.4 - https:\/\/yoast.com\/product\/yoast-seo-wordpress\/ -->\n<title>Manuel D\u00edaz Law Attorney | Manuel Diaz Law Firm<\/title>\n<meta name=\"description\" content=\"Manuel D\u00edaz Received His Law License In 2007 Southern Methodist University Dedman School Of Law. He Is The Founder And Operating Manuel Diaz Law Firm.\" \/>\n<meta name=\"robots\" content=\"index, follow, max-snippet:-1, max-image-preview:large, max-video-preview:-1\" \/>\n<link rel=\"canonical\" href=\"https:\/\/cdiazlf.dosbitweb.cl\/es\/manuel-diaz\/\" \/>\n<meta property=\"og:locale\" content=\"es_ES\" \/>\n<meta property=\"og:type\" content=\"article\" \/>\n<meta property=\"og:title\" content=\"Manuel D\u00edaz Law Attorney | Manuel Diaz Law Firm\" \/>\n<meta property=\"og:description\" content=\"Manuel D\u00edaz Received His Law License In 2007 Southern Methodist University Dedman School Of Law. He Is The Founder And Operating Manuel Diaz Law Firm.\" \/>\n<meta property=\"og:url\" content=\"https:\/\/cdiazlf.dosbitweb.cl\/es\/manuel-diaz\/\" \/>\n<meta property=\"og:site_name\" content=\"Diaz Law Firm\" \/>\n<meta property=\"article:publisher\" content=\"https:\/\/www.facebook.com\/abogadomanueldiazfirm\/\" \/>\n<meta property=\"article:modified_time\" content=\"2025-10-08T19:29:26+00:00\" \/>\n<meta property=\"og:image\" content=\"https:\/\/cdiazlf.dosbitweb.cl\/wp-content\/uploads\/2021\/07\/DTX_ManuelDiaz-2112-768x754-1.png\" \/>\n\t<meta property=\"og:image:width\" content=\"768\" \/>\n\t<meta property=\"og:image:height\" content=\"754\" \/>\n\t<meta property=\"og:image:type\" content=\"image\/png\" \/>\n<meta name=\"twitter:card\" content=\"summary_large_image\" \/>\n<meta name=\"twitter:site\" content=\"@diazlawfirmpc\" \/>\n<meta name=\"twitter:label1\" content=\"Tiempo de lectura\" \/>\n\t<meta name=\"twitter:data1\" content=\"2 minutos\" \/>\n<script type=\"application\/ld+json\" class=\"yoast-schema-graph\">{\"@context\":\"https:\\\/\\\/schema.org\",\"@graph\":[{\"@type\":\"WebPage\",\"@id\":\"https:\\\/\\\/cdiazlf.dosbitweb.cl\\\/manuel-diaz\\\/\",\"url\":\"https:\\\/\\\/cdiazlf.dosbitweb.cl\\\/manuel-diaz\\\/\",\"name\":\"Manuel D\u00edaz Law Attorney | Manuel Diaz Law Firm\",\"isPartOf\":{\"@id\":\"https:\\\/\\\/cdiazlf.dosbitweb.cl\\\/es\\\/#website\"},\"primaryImageOfPage\":{\"@id\":\"https:\\\/\\\/cdiazlf.dosbitweb.cl\\\/manuel-diaz\\\/#primaryimage\"},\"image\":{\"@id\":\"https:\\\/\\\/cdiazlf.dosbitweb.cl\\\/manuel-diaz\\\/#primaryimage\"},\"thumbnailUrl\":\"https:\\\/\\\/cdiazlf.dosbitweb.cl\\\/wp-content\\\/uploads\\\/2021\\\/07\\\/DTX_ManuelDiaz-2112-768x754-1.png\",\"datePublished\":\"2020-04-18T00:03:25+00:00\",\"dateModified\":\"2025-10-08T19:29:26+00:00\",\"description\":\"Manuel D\u00edaz Received His Law License In 2007 Southern Methodist University Dedman School Of Law. He Is The Founder And Operating Manuel Diaz Law Firm.\",\"breadcrumb\":{\"@id\":\"https:\\\/\\\/cdiazlf.dosbitweb.cl\\\/manuel-diaz\\\/#breadcrumb\"},\"inLanguage\":\"es\",\"potentialAction\":[{\"@type\":\"ReadAction\",\"target\":[\"https:\\\/\\\/cdiazlf.dosbitweb.cl\\\/manuel-diaz\\\/\"]}]},{\"@type\":\"ImageObject\",\"inLanguage\":\"es\",\"@id\":\"https:\\\/\\\/cdiazlf.dosbitweb.cl\\\/manuel-diaz\\\/#primaryimage\",\"url\":\"https:\\\/\\\/cdiazlf.dosbitweb.cl\\\/wp-content\\\/uploads\\\/2021\\\/07\\\/DTX_ManuelDiaz-2112-768x754-1.png\",\"contentUrl\":\"https:\\\/\\\/cdiazlf.dosbitweb.cl\\\/wp-content\\\/uploads\\\/2021\\\/07\\\/DTX_ManuelDiaz-2112-768x754-1.png\",\"width\":768,\"height\":754},{\"@type\":\"BreadcrumbList\",\"@id\":\"https:\\\/\\\/cdiazlf.dosbitweb.cl\\\/manuel-diaz\\\/#breadcrumb\",\"itemListElement\":[{\"@type\":\"ListItem\",\"position\":1,\"name\":\"Home\",\"item\":\"https:\\\/\\\/cdiazlf.dosbitweb.cl\\\/\"},{\"@type\":\"ListItem\",\"position\":2,\"name\":\"MANUEL D\u00cdAZ\"}]},{\"@type\":\"WebSite\",\"@id\":\"https:\\\/\\\/cdiazlf.dosbitweb.cl\\\/es\\\/#website\",\"url\":\"https:\\\/\\\/cdiazlf.dosbitweb.cl\\\/es\\\/\",\"name\":\"Diaz Law Firm\",\"description\":\"Award-Winning Texas Law Firm Fighting For Your Rights\",\"publisher\":{\"@id\":\"https:\\\/\\\/cdiazlf.dosbitweb.cl\\\/es\\\/#organization\"},\"potentialAction\":[{\"@type\":\"SearchAction\",\"target\":{\"@type\":\"EntryPoint\",\"urlTemplate\":\"https:\\\/\\\/cdiazlf.dosbitweb.cl\\\/es\\\/?s={search_term_string}\"},\"query-input\":{\"@type\":\"PropertyValueSpecification\",\"valueRequired\":true,\"valueName\":\"search_term_string\"}}],\"inLanguage\":\"es\"},{\"@type\":\"Organization\",\"@id\":\"https:\\\/\\\/cdiazlf.dosbitweb.cl\\\/es\\\/#organization\",\"name\":\"Manuel Diaz Law Firm, PC\",\"url\":\"https:\\\/\\\/cdiazlf.dosbitweb.cl\\\/es\\\/\",\"logo\":{\"@type\":\"ImageObject\",\"inLanguage\":\"es\",\"@id\":\"https:\\\/\\\/cdiazlf.dosbitweb.cl\\\/es\\\/#\\\/schema\\\/logo\\\/image\\\/\",\"url\":\"https:\\\/\\\/cdiazlf.dosbitweb.cl\\\/wp-content\\\/uploads\\\/2020\\\/06\\\/Resized-Logo.png\",\"contentUrl\":\"https:\\\/\\\/cdiazlf.dosbitweb.cl\\\/wp-content\\\/uploads\\\/2020\\\/06\\\/Resized-Logo.png\",\"width\":512,\"height\":512,\"caption\":\"Manuel Diaz Law Firm, PC\"},\"image\":{\"@id\":\"https:\\\/\\\/cdiazlf.dosbitweb.cl\\\/es\\\/#\\\/schema\\\/logo\\\/image\\\/\"},\"sameAs\":[\"https:\\\/\\\/www.facebook.com\\\/abogadomanueldiazfirm\\\/\",\"https:\\\/\\\/x.com\\\/diazlawfirmpc\",\"https:\\\/\\\/www.linkedin.com\\\/company\\\/helms-johnson-&amp;-diaz-llp\",\"https:\\\/\\\/www.youtube.com\\\/channel\\\/UCtFmiVZvk5JHadWTjchJDiA\"]}]}<\/script>\n<!-- \/ Yoast SEO plugin. -->","yoast_head_json":{"title":"Abogado Manuel D\u00edaz | Manuel D\u00edaz Law Firm","description":"Manuel D\u00edaz recibi\u00f3 su licencia de abogado en 2007, por Facultad de Derecho Dedman de la Universidad Metodista del Sur. Fundador de Manuel D\u00edaz Law Firm.","robots":{"index":"index","follow":"follow","max-snippet":"max-snippet:-1","max-image-preview":"max-image-preview:large","max-video-preview":"max-video-preview:-1"},"canonical":"https:\/\/cdiazlf.dosbitweb.cl\/es\/manuel-diaz\/","og_locale":"es_ES","og_type":"article","og_title":"Manuel D\u00edaz Law Attorney | Manuel Diaz Law Firm","og_description":"Manuel D\u00edaz Received His Law License In 2007 Southern Methodist University Dedman School Of Law. He Is The Founder And Operating Manuel Diaz Law Firm.","og_url":"https:\/\/cdiazlf.dosbitweb.cl\/es\/manuel-diaz\/","og_site_name":"Diaz Law Firm","article_publisher":"https:\/\/www.facebook.com\/abogadomanueldiazfirm\/","article_modified_time":"2025-10-08T19:29:26+00:00","og_image":[{"width":768,"height":754,"url":"https:\/\/cdiazlf.dosbitweb.cl\/wp-content\/uploads\/2021\/07\/DTX_ManuelDiaz-2112-768x754-1.png","type":"image\/png"}],"twitter_card":"summary_large_image","twitter_site":"@diazlawfirmpc","twitter_misc":{"Tiempo de lectura":"2 minutos"},"schema":{"@context":"https:\/\/schema.org","@graph":[{"@type":"WebPage","@id":"https:\/\/cdiazlf.dosbitweb.cl\/manuel-diaz\/","url":"https:\/\/cdiazlf.dosbitweb.cl\/manuel-diaz\/","name":"Abogado Manuel D\u00edaz | Manuel D\u00edaz Law Firm","isPartOf":{"@id":"https:\/\/cdiazlf.dosbitweb.cl\/es\/#website"},"primaryImageOfPage":{"@id":"https:\/\/cdiazlf.dosbitweb.cl\/manuel-diaz\/#primaryimage"},"image":{"@id":"https:\/\/cdiazlf.dosbitweb.cl\/manuel-diaz\/#primaryimage"},"thumbnailUrl":"https:\/\/cdiazlf.dosbitweb.cl\/wp-content\/uploads\/2021\/07\/DTX_ManuelDiaz-2112-768x754-1.png","datePublished":"2020-04-18T00:03:25+00:00","dateModified":"2025-10-08T19:29:26+00:00","description":"Manuel D\u00edaz recibi\u00f3 su licencia de abogado en 2007, por Facultad de Derecho Dedman de la Universidad Metodista del Sur. Fundador de Manuel D\u00edaz Law Firm.","breadcrumb":{"@id":"https:\/\/cdiazlf.dosbitweb.cl\/manuel-diaz\/#breadcrumb"},"inLanguage":"es","potentialAction":[{"@type":"ReadAction","target":["https:\/\/cdiazlf.dosbitweb.cl\/manuel-diaz\/"]}]},{"@type":"ImageObject","inLanguage":"es","@id":"https:\/\/cdiazlf.dosbitweb.cl\/manuel-diaz\/#primaryimage","url":"https:\/\/cdiazlf.dosbitweb.cl\/wp-content\/uploads\/2021\/07\/DTX_ManuelDiaz-2112-768x754-1.png","contentUrl":"https:\/\/cdiazlf.dosbitweb.cl\/wp-content\/uploads\/2021\/07\/DTX_ManuelDiaz-2112-768x754-1.png","width":768,"height":754},{"@type":"BreadcrumbList","@id":"https:\/\/cdiazlf.dosbitweb.cl\/manuel-diaz\/#breadcrumb","itemListElement":[{"@type":"ListItem","position":1,"name":"Home","item":"https:\/\/cdiazlf.dosbitweb.cl\/"},{"@type":"ListItem","position":2,"name":"MANUEL D\u00cdAZ"}]},{"@type":"WebSite","@id":"https:\/\/cdiazlf.dosbitweb.cl\/es\/#website","url":"https:\/\/cdiazlf.dosbitweb.cl\/es\/","name":"Diaz Law Firm","description":"Firma de abogados l\u00edder en Texas luchando por tus derechos","publisher":{"@id":"https:\/\/cdiazlf.dosbitweb.cl\/es\/#organization"},"potentialAction":[{"@type":"SearchAction","target":{"@type":"EntryPoint","urlTemplate":"https:\/\/cdiazlf.dosbitweb.cl\/es\/?s={search_term_string}"},"query-input":{"@type":"PropertyValueSpecification","valueRequired":true,"valueName":"search_term_string"}}],"inLanguage":"es"},{"@type":"Organization","@id":"https:\/\/cdiazlf.dosbitweb.cl\/es\/#organization","name":"Manuel Diaz Law Firm, PC","url":"https:\/\/cdiazlf.dosbitweb.cl\/es\/","logo":{"@type":"ImageObject","inLanguage":"es","@id":"https:\/\/cdiazlf.dosbitweb.cl\/es\/#\/schema\/logo\/image\/","url":"https:\/\/cdiazlf.dosbitweb.cl\/wp-content\/uploads\/2020\/06\/Resized-Logo.png","contentUrl":"https:\/\/cdiazlf.dosbitweb.cl\/wp-content\/uploads\/2020\/06\/Resized-Logo.png","width":512,"height":512,"caption":"Manuel Diaz Law Firm, PC"},"image":{"@id":"https:\/\/cdiazlf.dosbitweb.cl\/es\/#\/schema\/logo\/image\/"},"sameAs":["https:\/\/www.facebook.com\/abogadomanueldiazfirm\/","https:\/\/x.com\/diazlawfirmpc","https:\/\/www.linkedin.com\/company\/helms-johnson-&amp;-diaz-llp","https:\/\/www.youtube.com\/channel\/UCtFmiVZvk5JHadWTjchJDiA"]}]}},"_links":{"self":[{"href":"https:\/\/cdiazlf.dosbitweb.cl\/es\/wp-json\/wp\/v2\/pages\/2982","targetHints":{"allow":["GET"]}}],"collection":[{"href":"https:\/\/cdiazlf.dosbitweb.cl\/es\/wp-json\/wp\/v2\/pages"}],"about":[{"href":"https:\/\/cdiazlf.dosbitweb.cl\/es\/wp-json\/wp\/v2\/types\/page"}],"author":[{"embeddable":true,"href":"https:\/\/cdiazlf.dosbitweb.cl\/es\/wp-json\/wp\/v2\/users\/21"}],"replies":[{"embeddable":true,"href":"https:\/\/cdiazlf.dosbitweb.cl\/es\/wp-json\/wp\/v2\/comments?post=2982"}],"version-history":[{"count":7,"href":"https:\/\/cdiazlf.dosbitweb.cl\/es\/wp-json\/wp\/v2\/pages\/2982\/revisions"}],"predecessor-version":[{"id":28689,"href":"https:\/\/cdiazlf.dosbitweb.cl\/es\/wp-json\/wp\/v2\/pages\/2982\/revisions\/28689"}],"wp:featuredmedia":[{"embeddable":true,"href":"https:\/\/cdiazlf.dosbitweb.cl\/es\/wp-json\/wp\/v2\/media\/10734"}],"wp:attachment":[{"href":"https:\/\/cdiazlf.dosbitweb.cl\/es\/wp-json\/wp\/v2\/media?parent=2982"}],"curies":[{"name":"wp","href":"https:\/\/api.w.org\/{rel}","templated":true}]}}