{"id":26591,"date":"2025-04-22T09:32:08","date_gmt":"2025-04-22T15:32:08","guid":{"rendered":"https:\/\/diazlf.com\/?page_id=26591"},"modified":"2025-04-22T09:40:20","modified_gmt":"2025-04-22T15:40:20","slug":"monica-lisa-caballero","status":"publish","type":"page","link":"https:\/\/cdiazlf.dosbitweb.cl\/es\/monica-lisa-caballero\/","title":{"rendered":"Monica Lisa Caballero"},"content":{"rendered":"<div data-elementor-type=\"wp-page\" data-elementor-id=\"26591\" class=\"elementor elementor-26591\" data-elementor-post-type=\"page\">\n\t\t\t\t\t\t<section class=\"elementor-section elementor-top-section elementor-element elementor-element-3d1ad2e elementor-section-height-min-height elementor-section-boxed elementor-section-height-default elementor-section-items-middle\" data-id=\"3d1ad2e\" data-element_type=\"section\" data-e-type=\"section\" data-settings=\"{&quot;background_background&quot;:&quot;classic&quot;}\">\n\t\t\t\t\t\t<div class=\"elementor-container elementor-column-gap-default\">\n\t\t\t\t\t<div class=\"elementor-column elementor-col-100 elementor-top-column elementor-element elementor-element-9c1ff05\" data-id=\"9c1ff05\" data-element_type=\"column\" data-e-type=\"column\">\n\t\t\t<div class=\"elementor-widget-wrap\">\n\t\t\t\t\t\t\t<\/div>\n\t\t<\/div>\n\t\t\t\t\t<\/div>\n\t\t<\/section>\n\t\t\t\t<section class=\"elementor-section elementor-top-section elementor-element elementor-element-6c80920 elementor-section-boxed elementor-section-height-default elementor-section-height-default\" data-id=\"6c80920\" data-element_type=\"section\" data-e-type=\"section\" data-settings=\"{&quot;background_background&quot;:&quot;classic&quot;}\">\n\t\t\t\t\t\t<div class=\"elementor-container elementor-column-gap-default\">\n\t\t\t\t\t<div class=\"elementor-column elementor-col-100 elementor-top-column elementor-element elementor-element-9447781\" data-id=\"9447781\" data-element_type=\"column\" data-e-type=\"column\">\n\t\t\t<div class=\"elementor-widget-wrap elementor-element-populated\">\n\t\t\t\t\t\t<div class=\"elementor-element elementor-element-07b80fd elementor-widget elementor-widget-heading\" data-id=\"07b80fd\" data-element_type=\"widget\" data-e-type=\"widget\" data-widget_type=\"heading.default\">\n\t\t\t\t<div class=\"elementor-widget-container\">\n\t\t\t\t\t<h1 class=\"elementor-heading-title elementor-size-default\">Monica Lisa Caballero\n<\/h1>\t\t\t\t<\/div>\n\t\t\t\t<\/div>\n\t\t\t\t<div class=\"elementor-element elementor-element-2c832e8 elementor-widget elementor-widget-text-editor\" data-id=\"2c832e8\" data-element_type=\"widget\" data-e-type=\"widget\" data-widget_type=\"text-editor.default\">\n\t\t\t\t<div class=\"elementor-widget-container\">\n\t\t\t\t\t\t\t\t\t<p>DERECHO FAMILIAR<\/p>\t\t\t\t\t\t\t\t<\/div>\n\t\t\t\t<\/div>\n\t\t\t\t\t<\/div>\n\t\t<\/div>\n\t\t\t\t\t<\/div>\n\t\t<\/section>\n\t\t\t\t<section class=\"elementor-section elementor-top-section elementor-element elementor-element-711726c elementor-section-boxed elementor-section-height-default elementor-section-height-default\" data-id=\"711726c\" data-element_type=\"section\" data-e-type=\"section\" data-settings=\"{&quot;background_background&quot;:&quot;classic&quot;}\">\n\t\t\t\t\t\t<div class=\"elementor-container elementor-column-gap-default\">\n\t\t\t\t\t<div class=\"elementor-column elementor-col-25 elementor-top-column elementor-element elementor-element-ae20319\" data-id=\"ae20319\" data-element_type=\"column\" data-e-type=\"column\">\n\t\t\t<div class=\"elementor-widget-wrap elementor-element-populated\">\n\t\t\t\t\t\t<div class=\"elementor-element elementor-element-07a213a elementor-hidden-phone elementor-widget elementor-widget-global elementor-global-3102 elementor-widget-text-editor\" data-id=\"07a213a\" data-element_type=\"widget\" data-e-type=\"widget\" data-widget_type=\"text-editor.default\">\n\t\t\t\t<div class=\"elementor-widget-container\">\n\t\t\t\t\t\t\t\t\t<p><a href=\"\/es\/manuel-diaz\/\">MANUEL D\u00cdAZ<\/a><br><a href=\"\/es\/jeffery-morrow\/\">JEFFERY MORROW<\/a><br><a href=\"\/es\/andrea-aguilar\/\">ANDREA AGUILAR<\/a><br><a href=\"\/es\/brittney-mcclinton\/\">BRITTNEY MCCLINTON<\/a><br><a href=\"\/es\/mitchell-dooley\/\">MITCHELL DOOLEY<\/a><br><a href=\"\/es\/courtney-miller\/\">COURTNEY MILLER<\/a><br><a href=\"\/es\/jeremy-hobbs\/\">JEREMY HOBBS<\/a><br><a href=\"\/es\/john-rightmyer\/\">JOHN RIGHTMYER<\/a><br><a href=\"\/es\/janel-okafor\/\">JANEL OKAFOR<\/a><br><a href=\"\/es\/frances-seman\/\">FRANCES SEMAN<\/a><br><a href=\"\/es\/tanisha-taylor\/\">TANISHA TAYLOR<\/a><br><a href=\"\/es\/john-helms\/\">JOHN HELMS<\/a><br><a href=\"\/es\/marie-galindo\/\">MARIE GALINDO<\/a><br><a href=\"\/es\/nicole-brancroft\/\">NICOLE BANCROFT<\/a><br><a href=\"\/es\/jazzmond-j-turner\/\">Jazzmond J. Turner<\/a><br><a href=\"\/es\/nicholas-gibson\/\">Nicholas Gibson<\/a><br><a href=\"\/es\/nicholas-a-simental\/\">Nicholas A. Simental<\/a><br><a href=\"\/es\/monica-lisa-caballero\/\">Monica Lisa Caballero<\/a><\/p>\t\t\t\t\t\t\t\t<\/div>\n\t\t\t\t<\/div>\n\t\t\t\t\t<\/div>\n\t\t<\/div>\n\t\t\t\t<div class=\"elementor-column elementor-col-50 elementor-top-column elementor-element elementor-element-005d946\" data-id=\"005d946\" data-element_type=\"column\" data-e-type=\"column\">\n\t\t\t<div class=\"elementor-widget-wrap elementor-element-populated\">\n\t\t\t\t\t\t<div class=\"elementor-element elementor-element-ae530b0 elementor-widget elementor-widget-heading\" data-id=\"ae530b0\" data-element_type=\"widget\" data-e-type=\"widget\" data-widget_type=\"heading.default\">\n\t\t\t\t<div class=\"elementor-widget-container\">\n\t\t\t\t\t<h2 class=\"elementor-heading-title elementor-size-medium\">Monica Lisa Caballero\n<\/h2>\t\t\t\t<\/div>\n\t\t\t\t<\/div>\n\t\t\t\t<div class=\"elementor-element elementor-element-745733b elementor-hidden-desktop elementor-hidden-tablet elementor-widget elementor-widget-image\" data-id=\"745733b\" data-element_type=\"widget\" data-e-type=\"widget\" data-widget_type=\"image.default\">\n\t\t\t\t<div class=\"elementor-widget-container\">\n\t\t\t\t\t\t\t\t\t\t\t\t\t\t\t<img fetchpriority=\"high\" decoding=\"async\" width=\"500\" height=\"490\" src=\"https:\/\/cdiazlf.dosbitweb.cl\/wp-content\/uploads\/2025\/04\/Monica-Lisa-Caballero.webp\" class=\"attachment-full size-full wp-image-26590\" alt=\"\" srcset=\"https:\/\/cdiazlf.dosbitweb.cl\/wp-content\/uploads\/2025\/04\/Monica-Lisa-Caballero.webp 500w, https:\/\/cdiazlf.dosbitweb.cl\/wp-content\/uploads\/2025\/04\/Monica-Lisa-Caballero-300x294.webp 300w, https:\/\/cdiazlf.dosbitweb.cl\/wp-content\/uploads\/2025\/04\/Monica-Lisa-Caballero-12x12.webp 12w, https:\/\/cdiazlf.dosbitweb.cl\/wp-content\/uploads\/2025\/04\/elementor\/thumbs\/Monica-Lisa-Caballero-150x150.webp 560w, https:\/\/cdiazlf.dosbitweb.cl\/wp-content\/uploads\/2025\/04\/elementor\/thumbs\/Monica-Lisa-Caballero-150x150.webp 582w\" sizes=\"(max-width: 500px) 100vw, 500px\" \/>\t\t\t\t\t\t\t\t\t\t\t\t\t\t\t<\/div>\n\t\t\t\t<\/div>\n\t\t\t\t<div class=\"elementor-element elementor-element-76c02dc elementor-widget elementor-widget-text-editor\" data-id=\"76c02dc\" data-element_type=\"widget\" data-e-type=\"widget\" data-widget_type=\"text-editor.default\">\n\t\t\t\t<div class=\"elementor-widget-container\">\n\t\t\t\t\t\t\t\t\t<p>Monica Lisa Caballero es originaria de San Antonio, Texas.<br \/>Ella obtuvo su Doctorado en Jurisprudencia de Texas Tech University School of Law y su Licenciatura en Artes de la Universidad de Texas en Austin. Ella ha practicado en las \u00e1reas de Inmigraci\u00f3n, Defensa Penal, Defensa de Menores, Familia, y Defensa de Multas de Tr\u00e1fico. Pas\u00f3 varios a\u00f1os en la pr\u00e1ctica privada y tres a\u00f1os trabajando como abogado interno de la iniciativa P.E.A.C.E., ayudando a las v\u00edctimas de violencia dom\u00e9stica. Tambi\u00e9n fue funcionaria electa durante 12 a\u00f1os como Juez de Paz del Condado de Bexar. Ha prestado asistencia jur\u00eddica gratuita a la San Antonio Feral Cat Coalition, donde forma parte del Consejo de Administraci\u00f3n, y es voluntaria en el Brackenridge Park Conservancy.<br \/>Ella ha sido abogada desde 1997 y actualmente ejerce Derecho de Familia en Manuel Diaz Law Firm.<\/p>\t\t\t\t\t\t\t\t<\/div>\n\t\t\t\t<\/div>\n\t\t\t\t<div class=\"elementor-element elementor-element-2aeb59f elementor-widget elementor-widget-text-editor\" data-id=\"2aeb59f\" data-element_type=\"widget\" data-e-type=\"widget\" data-widget_type=\"text-editor.default\">\n\t\t\t\t<div class=\"elementor-widget-container\">\n\t\t\t\t\t\t\t\t\t<h5>EDUCACION<\/h5><p>Texas Tech University School of Law<br \/>Lubbock, Texas<br \/>J.D.<br \/>The University of Texas at Austin<br \/>Austin, Texas<br \/>B.A., Ingl\u00e9s<\/p>\t\t\t\t\t\t\t\t<\/div>\n\t\t\t\t<\/div>\n\t\t\t\t\t<\/div>\n\t\t<\/div>\n\t\t\t\t<div class=\"elementor-column elementor-col-25 elementor-top-column elementor-element elementor-element-fe858b1\" data-id=\"fe858b1\" data-element_type=\"column\" data-e-type=\"column\" data-settings=\"{&quot;background_background&quot;:&quot;classic&quot;}\">\n\t\t\t<div class=\"elementor-widget-wrap elementor-element-populated\">\n\t\t\t\t\t\t<div class=\"elementor-element elementor-element-34511ec elementor-hidden-phone elementor-widget elementor-widget-image\" data-id=\"34511ec\" data-element_type=\"widget\" data-e-type=\"widget\" data-widget_type=\"image.default\">\n\t\t\t\t<div class=\"elementor-widget-container\">\n\t\t\t\t\t\t\t\t\t\t\t\t\t\t\t<img fetchpriority=\"high\" decoding=\"async\" width=\"500\" height=\"490\" src=\"https:\/\/cdiazlf.dosbitweb.cl\/wp-content\/uploads\/2025\/04\/Monica-Lisa-Caballero.webp\" class=\"attachment-full size-full wp-image-26590\" alt=\"\" srcset=\"https:\/\/cdiazlf.dosbitweb.cl\/wp-content\/uploads\/2025\/04\/Monica-Lisa-Caballero.webp 500w, https:\/\/cdiazlf.dosbitweb.cl\/wp-content\/uploads\/2025\/04\/Monica-Lisa-Caballero-300x294.webp 300w, https:\/\/cdiazlf.dosbitweb.cl\/wp-content\/uploads\/2025\/04\/Monica-Lisa-Caballero-12x12.webp 12w, https:\/\/cdiazlf.dosbitweb.cl\/wp-content\/uploads\/2025\/04\/elementor\/thumbs\/Monica-Lisa-Caballero-150x150.webp 560w, https:\/\/cdiazlf.dosbitweb.cl\/wp-content\/uploads\/2025\/04\/elementor\/thumbs\/Monica-Lisa-Caballero-150x150.webp 582w\" sizes=\"(max-width: 500px) 100vw, 500px\" \/>\t\t\t\t\t\t\t\t\t\t\t\t\t\t\t<\/div>\n\t\t\t\t<\/div>\n\t\t\t\t<div class=\"elementor-element elementor-element-c3c42f3 elementor-widget elementor-widget-text-editor\" data-id=\"c3c42f3\" data-element_type=\"widget\" data-e-type=\"widget\" data-widget_type=\"text-editor.default\">\n\t\t\t\t<div class=\"elementor-widget-container\">\n\t\t\t\t\t\t\t\t\t<h5>ASOCIACIONES PROFESIONALES Y MEMBRES\u00cdAS<\/h5>\t\t\t\t\t\t\t\t<\/div>\n\t\t\t\t<\/div>\n\t\t\t\t<div class=\"elementor-element elementor-element-18b9fbf elementor-widget elementor-widget-text-editor\" data-id=\"18b9fbf\" data-element_type=\"widget\" data-e-type=\"widget\" data-widget_type=\"text-editor.default\">\n\t\t\t\t<div class=\"elementor-widget-container\">\n\t\t\t\t\t\t\t\t\t<p>Colegio de Abogados del Estado de Texas<br \/>Secci\u00f3n de Derecho Familiar del Colegio de Abogados del Estado<br \/>Secci\u00f3n de Derecho Animal del Colegio de Abogados del Estado<\/p><p>Certificaci\u00f3n en Mediaci\u00f3n<\/p><h5>IDIOMA<\/h5><p>Ingl\u00e9s<br \/><span style=\"font-size: 16px;\">Espa\u00f1ol<\/span><\/p>\t\t\t\t\t\t\t\t<\/div>\n\t\t\t\t<\/div>\n\t\t\t\t\t<\/div>\n\t\t<\/div>\n\t\t\t\t\t<\/div>\n\t\t<\/section>\n\t\t\t\t<\/div>","protected":false},"excerpt":{"rendered":"<p>Monica Lisa Caballero Family LAW MANUEL D\u00cdAZJEFFERY MORROWANDREA AGUILARBRITTNEY MCCLINTONBRONSON YAKEMITCHELL DOOLEYCOURTNEY MILLERJEREMY HOBBSJOHN RIGHTMYERJANEL OKAFORFRANCES SEMANTANISHA TAYLORJOHN HELMSMARIE GALINDONICOLE BANCROFTJazzmond J. TurnerNicholas GibsonNicholas A. Simental Monica Lisa Caballero Monica Lisa Caballero is a native of San Antonio, Texas.She earned her Juris Doctorate from Texas Tech University School of Law and her Bachelor of Arts [&hellip;]<\/p>\n","protected":false},"author":21,"featured_media":21351,"parent":0,"menu_order":0,"comment_status":"closed","ping_status":"closed","template":"","meta":{"site-sidebar-layout":"no-sidebar","site-content-layout":"page-builder","ast-site-content-layout":"full-width-container","site-content-style":"unboxed","site-sidebar-style":"unboxed","ast-global-header-display":"","ast-banner-title-visibility":"","ast-main-header-display":"","ast-hfb-above-header-display":"","ast-hfb-below-header-display":"","ast-hfb-mobile-header-display":"","site-post-title":"disabled","ast-breadcrumbs-content":"","ast-featured-img":"disabled","footer-sml-layout":"","theme-transparent-header-meta":"default","adv-header-id-meta":"","stick-header-meta":"","header-above-stick-meta":"","header-main-stick-meta":"","header-below-stick-meta":"","astra-migrate-meta-layouts":"set","ast-page-background-enabled":"default","ast-page-background-meta":{"desktop":{"background-color":"","background-image":"","background-repeat":"repeat","background-position":"center center","background-size":"auto","background-attachment":"scroll","background-type":"","background-media":"","overlay-type":"","overlay-color":"","overlay-opacity":"","overlay-gradient":""},"tablet":{"background-color":"","background-image":"","background-repeat":"repeat","background-position":"center center","background-size":"auto","background-attachment":"scroll","background-type":"","background-media":"","overlay-type":"","overlay-color":"","overlay-opacity":"","overlay-gradient":""},"mobile":{"background-color":"","background-image":"","background-repeat":"repeat","background-position":"center center","background-size":"auto","background-attachment":"scroll","background-type":"","background-media":"","overlay-type":"","overlay-color":"","overlay-opacity":"","overlay-gradient":""}},"ast-content-background-meta":{"desktop":{"background-color":"var(--ast-global-color-5)","background-image":"","background-repeat":"repeat","background-position":"center center","background-size":"auto","background-attachment":"scroll","background-type":"","background-media":"","overlay-type":"","overlay-color":"","overlay-opacity":"","overlay-gradient":""},"tablet":{"background-color":"var(--ast-global-color-5)","background-image":"","background-repeat":"repeat","background-position":"center center","background-size":"auto","background-attachment":"scroll","background-type":"","background-media":"","overlay-type":"","overlay-color":"","overlay-opacity":"","overlay-gradient":""},"mobile":{"background-color":"var(--ast-global-color-5)","background-image":"","background-repeat":"repeat","background-position":"center center","background-size":"auto","background-attachment":"scroll","background-type":"","background-media":"","overlay-type":"","overlay-color":"","overlay-opacity":"","overlay-gradient":""}},"footnotes":""},"class_list":["post-26591","page","type-page","status-publish","has-post-thumbnail","hentry"],"yoast_head":"<!-- This site is optimized with the Yoast SEO plugin v27.4 - https:\/\/yoast.com\/product\/yoast-seo-wordpress\/ -->\n<title>Frances Seman Family Law Attorney | Manuel Diaz Law<\/title>\n<meta name=\"description\" content=\"Attorney Frances Seman was born in Florida and raised in El Campo, Texas. She graduated from the University of North Texas \u2013 Dallas College of Law in 2022.\" \/>\n<meta name=\"robots\" content=\"index, follow, max-snippet:-1, max-image-preview:large, max-video-preview:-1\" \/>\n<link rel=\"canonical\" href=\"https:\/\/cdiazlf.dosbitweb.cl\/es\/monica-lisa-caballero\/\" \/>\n<meta property=\"og:locale\" content=\"es_ES\" \/>\n<meta property=\"og:type\" content=\"article\" \/>\n<meta property=\"og:title\" content=\"Frances Seman Family Law Attorney | Manuel Diaz Law\" \/>\n<meta property=\"og:description\" content=\"Attorney Frances Seman was born in Florida and raised in El Campo, Texas. She graduated from the University of North Texas \u2013 Dallas College of Law in 2022.\" \/>\n<meta property=\"og:url\" content=\"https:\/\/cdiazlf.dosbitweb.cl\/es\/monica-lisa-caballero\/\" \/>\n<meta property=\"og:site_name\" content=\"Diaz Law Firm\" \/>\n<meta property=\"article:publisher\" content=\"https:\/\/www.facebook.com\/abogadomanueldiazfirm\/\" \/>\n<meta property=\"article:modified_time\" content=\"2025-04-22T15:40:20+00:00\" \/>\n<meta property=\"og:image\" content=\"https:\/\/cdiazlf.dosbitweb.cl\/wp-content\/uploads\/2024\/03\/Frances-Seman.png\" \/>\n\t<meta property=\"og:image:width\" content=\"278\" \/>\n\t<meta property=\"og:image:height\" content=\"290\" \/>\n\t<meta property=\"og:image:type\" content=\"image\/png\" \/>\n<meta name=\"twitter:card\" content=\"summary_large_image\" \/>\n<meta name=\"twitter:site\" content=\"@diazlawfirmpc\" \/>\n<meta name=\"twitter:label1\" content=\"Tiempo de lectura\" \/>\n\t<meta name=\"twitter:data1\" content=\"2 minutos\" \/>\n<script type=\"application\/ld+json\" class=\"yoast-schema-graph\">{\"@context\":\"https:\\\/\\\/schema.org\",\"@graph\":[{\"@type\":\"WebPage\",\"@id\":\"https:\\\/\\\/cdiazlf.dosbitweb.cl\\\/monica-lisa-caballero\\\/\",\"url\":\"https:\\\/\\\/cdiazlf.dosbitweb.cl\\\/monica-lisa-caballero\\\/\",\"name\":\"Frances Seman Family Law Attorney | Manuel Diaz Law\",\"isPartOf\":{\"@id\":\"https:\\\/\\\/cdiazlf.dosbitweb.cl\\\/es\\\/#website\"},\"primaryImageOfPage\":{\"@id\":\"https:\\\/\\\/cdiazlf.dosbitweb.cl\\\/monica-lisa-caballero\\\/#primaryimage\"},\"image\":{\"@id\":\"https:\\\/\\\/cdiazlf.dosbitweb.cl\\\/monica-lisa-caballero\\\/#primaryimage\"},\"thumbnailUrl\":\"https:\\\/\\\/cdiazlf.dosbitweb.cl\\\/wp-content\\\/uploads\\\/2024\\\/03\\\/Frances-Seman.png\",\"datePublished\":\"2025-04-22T15:32:08+00:00\",\"dateModified\":\"2025-04-22T15:40:20+00:00\",\"description\":\"Attorney Frances Seman was born in Florida and raised in El Campo, Texas. She graduated from the University of North Texas \u2013 Dallas College of Law in 2022.\",\"breadcrumb\":{\"@id\":\"https:\\\/\\\/cdiazlf.dosbitweb.cl\\\/monica-lisa-caballero\\\/#breadcrumb\"},\"inLanguage\":\"es\",\"potentialAction\":[{\"@type\":\"ReadAction\",\"target\":[\"https:\\\/\\\/cdiazlf.dosbitweb.cl\\\/monica-lisa-caballero\\\/\"]}]},{\"@type\":\"ImageObject\",\"inLanguage\":\"es\",\"@id\":\"https:\\\/\\\/cdiazlf.dosbitweb.cl\\\/monica-lisa-caballero\\\/#primaryimage\",\"url\":\"https:\\\/\\\/cdiazlf.dosbitweb.cl\\\/wp-content\\\/uploads\\\/2024\\\/03\\\/Frances-Seman.png\",\"contentUrl\":\"https:\\\/\\\/cdiazlf.dosbitweb.cl\\\/wp-content\\\/uploads\\\/2024\\\/03\\\/Frances-Seman.png\",\"width\":278,\"height\":290},{\"@type\":\"BreadcrumbList\",\"@id\":\"https:\\\/\\\/cdiazlf.dosbitweb.cl\\\/monica-lisa-caballero\\\/#breadcrumb\",\"itemListElement\":[{\"@type\":\"ListItem\",\"position\":1,\"name\":\"Home\",\"item\":\"https:\\\/\\\/cdiazlf.dosbitweb.cl\\\/\"},{\"@type\":\"ListItem\",\"position\":2,\"name\":\"Monica Lisa Caballero\"}]},{\"@type\":\"WebSite\",\"@id\":\"https:\\\/\\\/cdiazlf.dosbitweb.cl\\\/es\\\/#website\",\"url\":\"https:\\\/\\\/cdiazlf.dosbitweb.cl\\\/es\\\/\",\"name\":\"Diaz Law Firm\",\"description\":\"Award-Winning Texas Law Firm Fighting For Your Rights\",\"publisher\":{\"@id\":\"https:\\\/\\\/cdiazlf.dosbitweb.cl\\\/es\\\/#organization\"},\"potentialAction\":[{\"@type\":\"SearchAction\",\"target\":{\"@type\":\"EntryPoint\",\"urlTemplate\":\"https:\\\/\\\/cdiazlf.dosbitweb.cl\\\/es\\\/?s={search_term_string}\"},\"query-input\":{\"@type\":\"PropertyValueSpecification\",\"valueRequired\":true,\"valueName\":\"search_term_string\"}}],\"inLanguage\":\"es\"},{\"@type\":\"Organization\",\"@id\":\"https:\\\/\\\/cdiazlf.dosbitweb.cl\\\/es\\\/#organization\",\"name\":\"Manuel Diaz Law Firm, PC\",\"url\":\"https:\\\/\\\/cdiazlf.dosbitweb.cl\\\/es\\\/\",\"logo\":{\"@type\":\"ImageObject\",\"inLanguage\":\"es\",\"@id\":\"https:\\\/\\\/cdiazlf.dosbitweb.cl\\\/es\\\/#\\\/schema\\\/logo\\\/image\\\/\",\"url\":\"https:\\\/\\\/cdiazlf.dosbitweb.cl\\\/wp-content\\\/uploads\\\/2020\\\/06\\\/Resized-Logo.png\",\"contentUrl\":\"https:\\\/\\\/cdiazlf.dosbitweb.cl\\\/wp-content\\\/uploads\\\/2020\\\/06\\\/Resized-Logo.png\",\"width\":512,\"height\":512,\"caption\":\"Manuel Diaz Law Firm, PC\"},\"image\":{\"@id\":\"https:\\\/\\\/cdiazlf.dosbitweb.cl\\\/es\\\/#\\\/schema\\\/logo\\\/image\\\/\"},\"sameAs\":[\"https:\\\/\\\/www.facebook.com\\\/abogadomanueldiazfirm\\\/\",\"https:\\\/\\\/x.com\\\/diazlawfirmpc\",\"https:\\\/\\\/www.linkedin.com\\\/company\\\/helms-johnson-&amp;-diaz-llp\",\"https:\\\/\\\/www.youtube.com\\\/channel\\\/UCtFmiVZvk5JHadWTjchJDiA\"]}]}<\/script>\n<!-- \/ Yoast SEO plugin. -->","yoast_head_json":{"title":"Frances Seman Derecho Familiar | Manuel Diaz Law","description":"La abogada Frances Seman naci\u00f3 en Florida y creci\u00f3 en El Campo, Texas. Se gradu\u00f3 de la Universidad del Norte de Texas \u2013 Facultad de Derecho de Dallas en 2022.","robots":{"index":"index","follow":"follow","max-snippet":"max-snippet:-1","max-image-preview":"max-image-preview:large","max-video-preview":"max-video-preview:-1"},"canonical":"https:\/\/cdiazlf.dosbitweb.cl\/es\/monica-lisa-caballero\/","og_locale":"es_ES","og_type":"article","og_title":"Frances Seman Family Law Attorney | Manuel Diaz Law","og_description":"Attorney Frances Seman was born in Florida and raised in El Campo, Texas. She graduated from the University of North Texas \u2013 Dallas College of Law in 2022.","og_url":"https:\/\/cdiazlf.dosbitweb.cl\/es\/monica-lisa-caballero\/","og_site_name":"Diaz Law Firm","article_publisher":"https:\/\/www.facebook.com\/abogadomanueldiazfirm\/","article_modified_time":"2025-04-22T15:40:20+00:00","og_image":[{"width":278,"height":290,"url":"https:\/\/cdiazlf.dosbitweb.cl\/wp-content\/uploads\/2024\/03\/Frances-Seman.png","type":"image\/png"}],"twitter_card":"summary_large_image","twitter_site":"@diazlawfirmpc","twitter_misc":{"Tiempo de lectura":"2 minutos"},"schema":{"@context":"https:\/\/schema.org","@graph":[{"@type":"WebPage","@id":"https:\/\/cdiazlf.dosbitweb.cl\/monica-lisa-caballero\/","url":"https:\/\/cdiazlf.dosbitweb.cl\/monica-lisa-caballero\/","name":"Frances Seman Derecho Familiar | Manuel Diaz Law","isPartOf":{"@id":"https:\/\/cdiazlf.dosbitweb.cl\/es\/#website"},"primaryImageOfPage":{"@id":"https:\/\/cdiazlf.dosbitweb.cl\/monica-lisa-caballero\/#primaryimage"},"image":{"@id":"https:\/\/cdiazlf.dosbitweb.cl\/monica-lisa-caballero\/#primaryimage"},"thumbnailUrl":"https:\/\/cdiazlf.dosbitweb.cl\/wp-content\/uploads\/2024\/03\/Frances-Seman.png","datePublished":"2025-04-22T15:32:08+00:00","dateModified":"2025-04-22T15:40:20+00:00","description":"La abogada Frances Seman naci\u00f3 en Florida y creci\u00f3 en El Campo, Texas. Se gradu\u00f3 de la Universidad del Norte de Texas \u2013 Facultad de Derecho de Dallas en 2022.","breadcrumb":{"@id":"https:\/\/cdiazlf.dosbitweb.cl\/monica-lisa-caballero\/#breadcrumb"},"inLanguage":"es","potentialAction":[{"@type":"ReadAction","target":["https:\/\/cdiazlf.dosbitweb.cl\/monica-lisa-caballero\/"]}]},{"@type":"ImageObject","inLanguage":"es","@id":"https:\/\/cdiazlf.dosbitweb.cl\/monica-lisa-caballero\/#primaryimage","url":"https:\/\/cdiazlf.dosbitweb.cl\/wp-content\/uploads\/2024\/03\/Frances-Seman.png","contentUrl":"https:\/\/cdiazlf.dosbitweb.cl\/wp-content\/uploads\/2024\/03\/Frances-Seman.png","width":278,"height":290},{"@type":"BreadcrumbList","@id":"https:\/\/cdiazlf.dosbitweb.cl\/monica-lisa-caballero\/#breadcrumb","itemListElement":[{"@type":"ListItem","position":1,"name":"Home","item":"https:\/\/cdiazlf.dosbitweb.cl\/"},{"@type":"ListItem","position":2,"name":"Monica Lisa Caballero"}]},{"@type":"WebSite","@id":"https:\/\/cdiazlf.dosbitweb.cl\/es\/#website","url":"https:\/\/cdiazlf.dosbitweb.cl\/es\/","name":"Diaz Law Firm","description":"Firma de abogados l\u00edder en Texas luchando por tus derechos","publisher":{"@id":"https:\/\/cdiazlf.dosbitweb.cl\/es\/#organization"},"potentialAction":[{"@type":"SearchAction","target":{"@type":"EntryPoint","urlTemplate":"https:\/\/cdiazlf.dosbitweb.cl\/es\/?s={search_term_string}"},"query-input":{"@type":"PropertyValueSpecification","valueRequired":true,"valueName":"search_term_string"}}],"inLanguage":"es"},{"@type":"Organization","@id":"https:\/\/cdiazlf.dosbitweb.cl\/es\/#organization","name":"Manuel Diaz Law Firm, PC","url":"https:\/\/cdiazlf.dosbitweb.cl\/es\/","logo":{"@type":"ImageObject","inLanguage":"es","@id":"https:\/\/cdiazlf.dosbitweb.cl\/es\/#\/schema\/logo\/image\/","url":"https:\/\/cdiazlf.dosbitweb.cl\/wp-content\/uploads\/2020\/06\/Resized-Logo.png","contentUrl":"https:\/\/cdiazlf.dosbitweb.cl\/wp-content\/uploads\/2020\/06\/Resized-Logo.png","width":512,"height":512,"caption":"Manuel Diaz Law Firm, PC"},"image":{"@id":"https:\/\/cdiazlf.dosbitweb.cl\/es\/#\/schema\/logo\/image\/"},"sameAs":["https:\/\/www.facebook.com\/abogadomanueldiazfirm\/","https:\/\/x.com\/diazlawfirmpc","https:\/\/www.linkedin.com\/company\/helms-johnson-&amp;-diaz-llp","https:\/\/www.youtube.com\/channel\/UCtFmiVZvk5JHadWTjchJDiA"]}]}},"_links":{"self":[{"href":"https:\/\/cdiazlf.dosbitweb.cl\/es\/wp-json\/wp\/v2\/pages\/26591","targetHints":{"allow":["GET"]}}],"collection":[{"href":"https:\/\/cdiazlf.dosbitweb.cl\/es\/wp-json\/wp\/v2\/pages"}],"about":[{"href":"https:\/\/cdiazlf.dosbitweb.cl\/es\/wp-json\/wp\/v2\/types\/page"}],"author":[{"embeddable":true,"href":"https:\/\/cdiazlf.dosbitweb.cl\/es\/wp-json\/wp\/v2\/users\/21"}],"replies":[{"embeddable":true,"href":"https:\/\/cdiazlf.dosbitweb.cl\/es\/wp-json\/wp\/v2\/comments?post=26591"}],"version-history":[{"count":7,"href":"https:\/\/cdiazlf.dosbitweb.cl\/es\/wp-json\/wp\/v2\/pages\/26591\/revisions"}],"predecessor-version":[{"id":26601,"href":"https:\/\/cdiazlf.dosbitweb.cl\/es\/wp-json\/wp\/v2\/pages\/26591\/revisions\/26601"}],"wp:featuredmedia":[{"embeddable":true,"href":"https:\/\/cdiazlf.dosbitweb.cl\/es\/wp-json\/wp\/v2\/media\/21351"}],"wp:attachment":[{"href":"https:\/\/cdiazlf.dosbitweb.cl\/es\/wp-json\/wp\/v2\/media?parent=26591"}],"curies":[{"name":"wp","href":"https:\/\/api.w.org\/{rel}","templated":true}]}}