{"id":24824,"date":"2025-01-22T14:15:52","date_gmt":"2025-01-22T20:15:52","guid":{"rendered":"https:\/\/diazlf.com\/?page_id=24824"},"modified":"2025-01-22T14:28:48","modified_gmt":"2025-01-22T20:28:48","slug":"marie-galindo","status":"publish","type":"page","link":"https:\/\/cdiazlf.dosbitweb.cl\/es\/marie-galindo\/","title":{"rendered":"MARIE GALINDO"},"content":{"rendered":"<div data-elementor-type=\"wp-page\" data-elementor-id=\"24824\" class=\"elementor elementor-24824\" data-elementor-post-type=\"page\">\n\t\t\t\t\t\t<section class=\"elementor-section elementor-top-section elementor-element elementor-element-2d674b8 elementor-section-height-min-height elementor-section-boxed elementor-section-height-default elementor-section-items-middle\" data-id=\"2d674b8\" data-element_type=\"section\" data-e-type=\"section\" data-settings=\"{&quot;background_background&quot;:&quot;classic&quot;}\">\n\t\t\t\t\t\t<div class=\"elementor-container elementor-column-gap-default\">\n\t\t\t\t\t<div class=\"elementor-column elementor-col-100 elementor-top-column elementor-element elementor-element-5967d69\" data-id=\"5967d69\" data-element_type=\"column\" data-e-type=\"column\">\n\t\t\t<div class=\"elementor-widget-wrap\">\n\t\t\t\t\t\t\t<\/div>\n\t\t<\/div>\n\t\t\t\t\t<\/div>\n\t\t<\/section>\n\t\t\t\t<section class=\"elementor-section elementor-top-section elementor-element elementor-element-25d13cc elementor-section-boxed elementor-section-height-default elementor-section-height-default\" data-id=\"25d13cc\" data-element_type=\"section\" data-e-type=\"section\" data-settings=\"{&quot;background_background&quot;:&quot;classic&quot;}\">\n\t\t\t\t\t\t<div class=\"elementor-container elementor-column-gap-default\">\n\t\t\t\t\t<div class=\"elementor-column elementor-col-100 elementor-top-column elementor-element elementor-element-8ab1116\" data-id=\"8ab1116\" data-element_type=\"column\" data-e-type=\"column\">\n\t\t\t<div class=\"elementor-widget-wrap elementor-element-populated\">\n\t\t\t\t\t\t<div class=\"elementor-element elementor-element-af987be elementor-widget elementor-widget-text-editor\" data-id=\"af987be\" data-element_type=\"widget\" data-e-type=\"widget\" data-widget_type=\"text-editor.default\">\n\t\t\t\t<div class=\"elementor-widget-container\">\n\t\t\t\t\t\t\t\t\t<p>Defensa Penal<\/p>\t\t\t\t\t\t\t\t<\/div>\n\t\t\t\t<\/div>\n\t\t\t\t\t<\/div>\n\t\t<\/div>\n\t\t\t\t\t<\/div>\n\t\t<\/section>\n\t\t\t\t<section class=\"elementor-section elementor-top-section elementor-element elementor-element-dbe18c6 elementor-section-boxed elementor-section-height-default elementor-section-height-default\" data-id=\"dbe18c6\" data-element_type=\"section\" data-e-type=\"section\" data-settings=\"{&quot;background_background&quot;:&quot;classic&quot;}\">\n\t\t\t\t\t\t<div class=\"elementor-container elementor-column-gap-default\">\n\t\t\t\t\t<div class=\"elementor-column elementor-col-25 elementor-top-column elementor-element elementor-element-9fac8a0\" data-id=\"9fac8a0\" data-element_type=\"column\" data-e-type=\"column\">\n\t\t\t<div class=\"elementor-widget-wrap elementor-element-populated\">\n\t\t\t\t\t\t<div class=\"elementor-element elementor-element-0c34e69 elementor-hidden-phone elementor-widget elementor-widget-global elementor-global-3102 elementor-widget-text-editor\" data-id=\"0c34e69\" data-element_type=\"widget\" data-e-type=\"widget\" data-widget_type=\"text-editor.default\">\n\t\t\t\t<div class=\"elementor-widget-container\">\n\t\t\t\t\t\t\t\t\t<p><a href=\"\/es\/manuel-diaz\/\">MANUEL D\u00cdAZ<\/a><br><a href=\"\/es\/jeffery-morrow\/\">JEFFERY MORROW<\/a><br><a href=\"\/es\/andrea-aguilar\/\">ANDREA AGUILAR<\/a><br><a href=\"\/es\/brittney-mcclinton\/\">BRITTNEY MCCLINTON<\/a><br><a href=\"\/es\/mitchell-dooley\/\">MITCHELL DOOLEY<\/a><br><a href=\"\/es\/courtney-miller\/\">COURTNEY MILLER<\/a><br><a href=\"\/es\/jeremy-hobbs\/\">JEREMY HOBBS<\/a><br><a href=\"\/es\/john-rightmyer\/\">JOHN RIGHTMYER<\/a><br><a href=\"\/es\/janel-okafor\/\">JANEL OKAFOR<\/a><br><a href=\"\/es\/frances-seman\/\">FRANCES SEMAN<\/a><br><a href=\"\/es\/tanisha-taylor\/\">TANISHA TAYLOR<\/a><br><a href=\"\/es\/john-helms\/\">JOHN HELMS<\/a><br><a href=\"\/es\/marie-galindo\/\">MARIE GALINDO<\/a><br><a href=\"\/es\/nicole-brancroft\/\">NICOLE BANCROFT<\/a><br><a href=\"\/es\/jazzmond-j-turner\/\">Jazzmond J. Turner<\/a><br><a href=\"\/es\/nicholas-gibson\/\">Nicholas Gibson<\/a><br><a href=\"\/es\/nicholas-a-simental\/\">Nicholas A. Simental<\/a><br><a href=\"\/es\/monica-lisa-caballero\/\">Monica Lisa Caballero<\/a><\/p>\t\t\t\t\t\t\t\t<\/div>\n\t\t\t\t<\/div>\n\t\t\t\t\t<\/div>\n\t\t<\/div>\n\t\t\t\t<div class=\"elementor-column elementor-col-50 elementor-top-column elementor-element elementor-element-2b5a5d7\" data-id=\"2b5a5d7\" data-element_type=\"column\" data-e-type=\"column\">\n\t\t\t<div class=\"elementor-widget-wrap elementor-element-populated\">\n\t\t\t\t\t\t<div class=\"elementor-element elementor-element-03a0ae0 elementor-hidden-desktop elementor-hidden-tablet elementor-widget elementor-widget-image\" data-id=\"03a0ae0\" data-element_type=\"widget\" data-e-type=\"widget\" data-widget_type=\"image.default\">\n\t\t\t\t<div class=\"elementor-widget-container\">\n\t\t\t\t\t\t\t\t\t\t\t\t\t\t\t<img fetchpriority=\"high\" decoding=\"async\" width=\"768\" height=\"759\" src=\"https:\/\/cdiazlf.dosbitweb.cl\/wp-content\/uploads\/2025\/01\/MARIE-GALINDO.png\" class=\"attachment-large size-large wp-image-24827\" alt=\"\" srcset=\"https:\/\/cdiazlf.dosbitweb.cl\/wp-content\/uploads\/2025\/01\/MARIE-GALINDO.png 768w, https:\/\/cdiazlf.dosbitweb.cl\/wp-content\/uploads\/2025\/01\/MARIE-GALINDO-300x296.png 300w, https:\/\/cdiazlf.dosbitweb.cl\/wp-content\/uploads\/2025\/01\/MARIE-GALINDO-12x12.png 12w\" sizes=\"(max-width: 768px) 100vw, 768px\" \/>\t\t\t\t\t\t\t\t\t\t\t\t\t\t\t<\/div>\n\t\t\t\t<\/div>\n\t\t\t\t<div class=\"elementor-element elementor-element-0ec5f04 elementor-widget elementor-widget-text-editor\" data-id=\"0ec5f04\" data-element_type=\"widget\" data-e-type=\"widget\" data-widget_type=\"text-editor.default\">\n\t\t\t\t<div class=\"elementor-widget-container\">\n\t\t\t\t\t<style>.elementor-element-0ec5f04{display:none !important}<\/style>\t\t\t\t<\/div>\n\t\t\t\t<\/div>\n\t\t\t\t<div class=\"elementor-element elementor-element-9335213 elementor-widget elementor-widget-text-editor\" data-id=\"9335213\" data-element_type=\"widget\" data-e-type=\"widget\" data-widget_type=\"text-editor.default\">\n\t\t\t\t<div class=\"elementor-widget-container\">\n\t\t\t\t\t\t\t\t\t<div class=\"middleColumn\"><p>La abogada Marie Galindo es originaria de San Antonio, Texas; Licenciada en Derecho por \u201cMary\u2019s University School of Law\u201d y Licenciada en Ciencias Pol\u00edticas y Justicia Penal por la \u201cSt. Mary\u2019s University\u2019\u2019.<\/p><p>Desde su admisi\u00f3n en el Colegio de Abogados del Estado de Texas en noviembre de 2000, ha trabajado en nombre de personas que buscan representaci\u00f3n legal en Inmigraci\u00f3n, Compensaci\u00f3n al Trabajador, Derecho Familiar y Lesiones Personales.<\/p><p>Actualmente es parte del equipo del Abogado Manuel Diaz Law Firm.<\/p><\/div>\t\t\t\t\t\t\t\t<\/div>\n\t\t\t\t<\/div>\n\t\t\t\t<div class=\"elementor-element elementor-element-27bbed7 elementor-widget elementor-widget-text-editor\" data-id=\"27bbed7\" data-element_type=\"widget\" data-e-type=\"widget\" data-widget_type=\"text-editor.default\">\n\t\t\t\t<div class=\"elementor-widget-container\">\n\t\t\t\t\t<style>.elementor-element-27bbed7{display:none !important}<\/style>\t\t\t\t<\/div>\n\t\t\t\t<\/div>\n\t\t\t\t<div class=\"elementor-element elementor-element-489d872 elementor-widget elementor-widget-text-editor\" data-id=\"489d872\" data-element_type=\"widget\" data-e-type=\"widget\" data-widget_type=\"text-editor.default\">\n\t\t\t\t<div class=\"elementor-widget-container\">\n\t\t\t\t\t\t\t\t\t<h5>EDUCACI\u00d3N<br \/><br \/><\/h5><p>St. Mary\u2019s University<br \/>San Antonio, Texas<br \/>B.A. Political Science\/Criminal Justice<\/p><p>Facultad de Derecho de la Universidad de St. Mary<br \/>San Antonio, Texas<br \/>JD 2000<\/p>\t\t\t\t\t\t\t\t<\/div>\n\t\t\t\t<\/div>\n\t\t\t\t\t<\/div>\n\t\t<\/div>\n\t\t\t\t<div class=\"elementor-column elementor-col-25 elementor-top-column elementor-element elementor-element-3b44e11\" data-id=\"3b44e11\" data-element_type=\"column\" data-e-type=\"column\" data-settings=\"{&quot;background_background&quot;:&quot;classic&quot;}\">\n\t\t\t<div class=\"elementor-widget-wrap elementor-element-populated\">\n\t\t\t\t\t\t<div class=\"elementor-element elementor-element-ac1d5d6 elementor-hidden-phone elementor-widget elementor-widget-image\" data-id=\"ac1d5d6\" data-element_type=\"widget\" data-e-type=\"widget\" data-widget_type=\"image.default\">\n\t\t\t\t<div class=\"elementor-widget-container\">\n\t\t\t\t\t\t\t\t\t\t\t\t\t\t\t<img fetchpriority=\"high\" decoding=\"async\" width=\"768\" height=\"759\" src=\"https:\/\/cdiazlf.dosbitweb.cl\/wp-content\/uploads\/2025\/01\/MARIE-GALINDO.png\" class=\"attachment-large size-large wp-image-24827\" alt=\"\" srcset=\"https:\/\/cdiazlf.dosbitweb.cl\/wp-content\/uploads\/2025\/01\/MARIE-GALINDO.png 768w, https:\/\/cdiazlf.dosbitweb.cl\/wp-content\/uploads\/2025\/01\/MARIE-GALINDO-300x296.png 300w, https:\/\/cdiazlf.dosbitweb.cl\/wp-content\/uploads\/2025\/01\/MARIE-GALINDO-12x12.png 12w\" sizes=\"(max-width: 768px) 100vw, 768px\" \/>\t\t\t\t\t\t\t\t\t\t\t\t\t\t\t<\/div>\n\t\t\t\t<\/div>\n\t\t\t\t<div class=\"elementor-element elementor-element-b9444a5 elementor-widget elementor-widget-text-editor\" data-id=\"b9444a5\" data-element_type=\"widget\" data-e-type=\"widget\" data-widget_type=\"text-editor.default\">\n\t\t\t\t<div class=\"elementor-widget-container\">\n\t\t\t\t\t<style>.elementor-element-b9444a5{display:none !important}<\/style>\t\t\t\t<\/div>\n\t\t\t\t<\/div>\n\t\t\t\t<div class=\"elementor-element elementor-element-258c7b2 elementor-widget elementor-widget-text-editor\" data-id=\"258c7b2\" data-element_type=\"widget\" data-e-type=\"widget\" data-widget_type=\"text-editor.default\">\n\t\t\t\t<div class=\"elementor-widget-container\">\n\t\t\t\t\t\t\t\t\t<h5>ASOCIACIONES PROFESIONALES Y MEMBRES\u00cdAS<\/h5><p><strong>Colegio de Abogados del Estado de Texas<\/strong><\/p><p>Secci\u00f3n de Inmigraci\u00f3n del Estado de Abogados de Texas<\/p><p><strong>IDIOMA<\/strong><\/p><p>Ingl\u00e9s<\/p><p>Espa\u00f1ol<\/p>\t\t\t\t\t\t\t\t<\/div>\n\t\t\t\t<\/div>\n\t\t\t\t\t<\/div>\n\t\t<\/div>\n\t\t\t\t\t<\/div>\n\t\t<\/section>\n\t\t\t\t<\/div>","protected":false},"excerpt":{"rendered":"<p>CRIMINAL LAW MANUEL D\u00cdAZJEFFERY MORROWANDREA AGUILARBRITTNEY MCCLINTONBRONSON YAKEMITCHELL DOOLEYCOURTNEY MILLERJEREMY HOBBSJOHN RIGHTMYERJOSIA JOSEMARISSA YOUNGMIGUEL A. SOTO-PASTRANACYNTHIA A. MALDONADOJANEL OKAFORFRANCES SEMANMesseret FessehaiTANISHA TAYLORJOHN HELMSAnn Bacchus Attorney Marie Galindo is native of San Antonio, Texas. She earned her Doctor of Jurisprudence from St. Mary\u2019s University School of Law and received her bachelor\u2019s degree from St. Mary\u2019s University. [&hellip;]<\/p>\n","protected":false},"author":21,"featured_media":0,"parent":0,"menu_order":0,"comment_status":"closed","ping_status":"closed","template":"elementor_header_footer","meta":{"site-sidebar-layout":"no-sidebar","site-content-layout":"page-builder","ast-site-content-layout":"full-width-container","site-content-style":"default","site-sidebar-style":"default","ast-global-header-display":"","ast-banner-title-visibility":"","ast-main-header-display":"","ast-hfb-above-header-display":"","ast-hfb-below-header-display":"","ast-hfb-mobile-header-display":"","site-post-title":"disabled","ast-breadcrumbs-content":"","ast-featured-img":"disabled","footer-sml-layout":"","theme-transparent-header-meta":"default","adv-header-id-meta":"","stick-header-meta":"","header-above-stick-meta":"","header-main-stick-meta":"","header-below-stick-meta":"","astra-migrate-meta-layouts":"set","ast-page-background-enabled":"default","ast-page-background-meta":{"desktop":{"background-color":"","background-image":"","background-repeat":"repeat","background-position":"center center","background-size":"auto","background-attachment":"scroll","background-type":"","background-media":"","overlay-type":"","overlay-color":"","overlay-opacity":"","overlay-gradient":""},"tablet":{"background-color":"","background-image":"","background-repeat":"repeat","background-position":"center center","background-size":"auto","background-attachment":"scroll","background-type":"","background-media":"","overlay-type":"","overlay-color":"","overlay-opacity":"","overlay-gradient":""},"mobile":{"background-color":"","background-image":"","background-repeat":"repeat","background-position":"center center","background-size":"auto","background-attachment":"scroll","background-type":"","background-media":"","overlay-type":"","overlay-color":"","overlay-opacity":"","overlay-gradient":""}},"ast-content-background-meta":{"desktop":{"background-color":"var(--ast-global-color-5)","background-image":"","background-repeat":"repeat","background-position":"center center","background-size":"auto","background-attachment":"scroll","background-type":"","background-media":"","overlay-type":"","overlay-color":"","overlay-opacity":"","overlay-gradient":""},"tablet":{"background-color":"var(--ast-global-color-5)","background-image":"","background-repeat":"repeat","background-position":"center center","background-size":"auto","background-attachment":"scroll","background-type":"","background-media":"","overlay-type":"","overlay-color":"","overlay-opacity":"","overlay-gradient":""},"mobile":{"background-color":"var(--ast-global-color-5)","background-image":"","background-repeat":"repeat","background-position":"center center","background-size":"auto","background-attachment":"scroll","background-type":"","background-media":"","overlay-type":"","overlay-color":"","overlay-opacity":"","overlay-gradient":""}},"footnotes":""},"class_list":["post-24824","page","type-page","status-publish","hentry"],"yoast_head":"<!-- This site is optimized with the Yoast SEO plugin v27.4 - https:\/\/yoast.com\/product\/yoast-seo-wordpress\/ -->\n<title>MARIE GALINDO - Diaz Law Firm<\/title>\n<meta name=\"robots\" content=\"index, follow, max-snippet:-1, max-image-preview:large, max-video-preview:-1\" \/>\n<link rel=\"canonical\" href=\"https:\/\/cdiazlf.dosbitweb.cl\/es\/marie-galindo\/\" \/>\n<meta property=\"og:locale\" content=\"es_ES\" \/>\n<meta property=\"og:type\" content=\"article\" \/>\n<meta property=\"og:title\" content=\"MARIE GALINDO - Diaz Law Firm\" \/>\n<meta property=\"og:description\" content=\"CRIMINAL LAW MANUEL D\u00cdAZJEFFERY MORROWANDREA AGUILARBRITTNEY MCCLINTONBRONSON YAKEMITCHELL DOOLEYCOURTNEY MILLERJEREMY HOBBSJOHN RIGHTMYERJOSIA JOSEMARISSA YOUNGMIGUEL A. SOTO-PASTRANACYNTHIA A. MALDONADOJANEL OKAFORFRANCES SEMANMesseret FessehaiTANISHA TAYLORJOHN HELMSAnn Bacchus Attorney Marie Galindo is native of San Antonio, Texas. She earned her Doctor of Jurisprudence from St. Mary\u2019s University School of Law and received her bachelor\u2019s degree from St. Mary\u2019s University. [&hellip;]\" \/>\n<meta property=\"og:url\" content=\"https:\/\/cdiazlf.dosbitweb.cl\/es\/marie-galindo\/\" \/>\n<meta property=\"og:site_name\" content=\"Diaz Law Firm\" \/>\n<meta property=\"article:publisher\" content=\"https:\/\/www.facebook.com\/abogadomanueldiazfirm\/\" \/>\n<meta property=\"article:modified_time\" content=\"2025-01-22T20:28:48+00:00\" \/>\n<meta property=\"og:image\" content=\"https:\/\/cdiazlf.dosbitweb.cl\/wp-content\/uploads\/2025\/01\/MARIE-GALINDO.png\" \/>\n\t<meta property=\"og:image:width\" content=\"768\" \/>\n\t<meta property=\"og:image:height\" content=\"759\" \/>\n\t<meta property=\"og:image:type\" content=\"image\/png\" \/>\n<meta name=\"twitter:card\" content=\"summary_large_image\" \/>\n<meta name=\"twitter:site\" content=\"@diazlawfirmpc\" \/>\n<meta name=\"twitter:label1\" content=\"Tiempo de lectura\" \/>\n\t<meta name=\"twitter:data1\" content=\"1 minuto\" \/>\n<script type=\"application\/ld+json\" class=\"yoast-schema-graph\">{\"@context\":\"https:\\\/\\\/schema.org\",\"@graph\":[{\"@type\":\"WebPage\",\"@id\":\"https:\\\/\\\/cdiazlf.dosbitweb.cl\\\/marie-galindo\\\/\",\"url\":\"https:\\\/\\\/cdiazlf.dosbitweb.cl\\\/marie-galindo\\\/\",\"name\":\"MARIE GALINDO - Diaz Law Firm\",\"isPartOf\":{\"@id\":\"https:\\\/\\\/cdiazlf.dosbitweb.cl\\\/es\\\/#website\"},\"primaryImageOfPage\":{\"@id\":\"https:\\\/\\\/cdiazlf.dosbitweb.cl\\\/marie-galindo\\\/#primaryimage\"},\"image\":{\"@id\":\"https:\\\/\\\/cdiazlf.dosbitweb.cl\\\/marie-galindo\\\/#primaryimage\"},\"thumbnailUrl\":\"https:\\\/\\\/cdiazlf.dosbitweb.cl\\\/wp-content\\\/uploads\\\/2025\\\/01\\\/MARIE-GALINDO.png\",\"datePublished\":\"2025-01-22T20:15:52+00:00\",\"dateModified\":\"2025-01-22T20:28:48+00:00\",\"breadcrumb\":{\"@id\":\"https:\\\/\\\/cdiazlf.dosbitweb.cl\\\/marie-galindo\\\/#breadcrumb\"},\"inLanguage\":\"es\",\"potentialAction\":[{\"@type\":\"ReadAction\",\"target\":[\"https:\\\/\\\/cdiazlf.dosbitweb.cl\\\/marie-galindo\\\/\"]}]},{\"@type\":\"ImageObject\",\"inLanguage\":\"es\",\"@id\":\"https:\\\/\\\/cdiazlf.dosbitweb.cl\\\/marie-galindo\\\/#primaryimage\",\"url\":\"https:\\\/\\\/cdiazlf.dosbitweb.cl\\\/wp-content\\\/uploads\\\/2025\\\/01\\\/MARIE-GALINDO.png\",\"contentUrl\":\"https:\\\/\\\/cdiazlf.dosbitweb.cl\\\/wp-content\\\/uploads\\\/2025\\\/01\\\/MARIE-GALINDO.png\"},{\"@type\":\"BreadcrumbList\",\"@id\":\"https:\\\/\\\/cdiazlf.dosbitweb.cl\\\/marie-galindo\\\/#breadcrumb\",\"itemListElement\":[{\"@type\":\"ListItem\",\"position\":1,\"name\":\"Home\",\"item\":\"https:\\\/\\\/cdiazlf.dosbitweb.cl\\\/\"},{\"@type\":\"ListItem\",\"position\":2,\"name\":\"MARIE GALINDO\"}]},{\"@type\":\"WebSite\",\"@id\":\"https:\\\/\\\/cdiazlf.dosbitweb.cl\\\/es\\\/#website\",\"url\":\"https:\\\/\\\/cdiazlf.dosbitweb.cl\\\/es\\\/\",\"name\":\"Diaz Law Firm\",\"description\":\"Award-Winning Texas Law Firm Fighting For Your Rights\",\"publisher\":{\"@id\":\"https:\\\/\\\/cdiazlf.dosbitweb.cl\\\/es\\\/#organization\"},\"potentialAction\":[{\"@type\":\"SearchAction\",\"target\":{\"@type\":\"EntryPoint\",\"urlTemplate\":\"https:\\\/\\\/cdiazlf.dosbitweb.cl\\\/es\\\/?s={search_term_string}\"},\"query-input\":{\"@type\":\"PropertyValueSpecification\",\"valueRequired\":true,\"valueName\":\"search_term_string\"}}],\"inLanguage\":\"es\"},{\"@type\":\"Organization\",\"@id\":\"https:\\\/\\\/cdiazlf.dosbitweb.cl\\\/es\\\/#organization\",\"name\":\"Manuel Diaz Law Firm, PC\",\"url\":\"https:\\\/\\\/cdiazlf.dosbitweb.cl\\\/es\\\/\",\"logo\":{\"@type\":\"ImageObject\",\"inLanguage\":\"es\",\"@id\":\"https:\\\/\\\/cdiazlf.dosbitweb.cl\\\/es\\\/#\\\/schema\\\/logo\\\/image\\\/\",\"url\":\"https:\\\/\\\/cdiazlf.dosbitweb.cl\\\/wp-content\\\/uploads\\\/2020\\\/06\\\/Resized-Logo.png\",\"contentUrl\":\"https:\\\/\\\/cdiazlf.dosbitweb.cl\\\/wp-content\\\/uploads\\\/2020\\\/06\\\/Resized-Logo.png\",\"width\":512,\"height\":512,\"caption\":\"Manuel Diaz Law Firm, PC\"},\"image\":{\"@id\":\"https:\\\/\\\/cdiazlf.dosbitweb.cl\\\/es\\\/#\\\/schema\\\/logo\\\/image\\\/\"},\"sameAs\":[\"https:\\\/\\\/www.facebook.com\\\/abogadomanueldiazfirm\\\/\",\"https:\\\/\\\/x.com\\\/diazlawfirmpc\",\"https:\\\/\\\/www.linkedin.com\\\/company\\\/helms-johnson-&amp;-diaz-llp\",\"https:\\\/\\\/www.youtube.com\\\/channel\\\/UCtFmiVZvk5JHadWTjchJDiA\"]}]}<\/script>\n<!-- \/ Yoast SEO plugin. -->","yoast_head_json":{"title":"MARIE GALINDO - Diaz Law Firm","robots":{"index":"index","follow":"follow","max-snippet":"max-snippet:-1","max-image-preview":"max-image-preview:large","max-video-preview":"max-video-preview:-1"},"canonical":"https:\/\/cdiazlf.dosbitweb.cl\/es\/marie-galindo\/","og_locale":"es_ES","og_type":"article","og_title":"MARIE GALINDO - Diaz Law Firm","og_description":"CRIMINAL LAW MANUEL D\u00cdAZJEFFERY MORROWANDREA AGUILARBRITTNEY MCCLINTONBRONSON YAKEMITCHELL DOOLEYCOURTNEY MILLERJEREMY HOBBSJOHN RIGHTMYERJOSIA JOSEMARISSA YOUNGMIGUEL A. SOTO-PASTRANACYNTHIA A. MALDONADOJANEL OKAFORFRANCES SEMANMesseret FessehaiTANISHA TAYLORJOHN HELMSAnn Bacchus Attorney Marie Galindo is native of San Antonio, Texas. She earned her Doctor of Jurisprudence from St. Mary\u2019s University School of Law and received her bachelor\u2019s degree from St. Mary\u2019s University. [&hellip;]","og_url":"https:\/\/cdiazlf.dosbitweb.cl\/es\/marie-galindo\/","og_site_name":"Diaz Law Firm","article_publisher":"https:\/\/www.facebook.com\/abogadomanueldiazfirm\/","article_modified_time":"2025-01-22T20:28:48+00:00","og_image":[{"width":768,"height":759,"url":"https:\/\/cdiazlf.dosbitweb.cl\/wp-content\/uploads\/2025\/01\/MARIE-GALINDO.png","type":"image\/png"}],"twitter_card":"summary_large_image","twitter_site":"@diazlawfirmpc","twitter_misc":{"Tiempo de lectura":"1 minuto"},"schema":{"@context":"https:\/\/schema.org","@graph":[{"@type":"WebPage","@id":"https:\/\/cdiazlf.dosbitweb.cl\/marie-galindo\/","url":"https:\/\/cdiazlf.dosbitweb.cl\/marie-galindo\/","name":"MARIE GALINDO - Diaz Law Firm","isPartOf":{"@id":"https:\/\/cdiazlf.dosbitweb.cl\/es\/#website"},"primaryImageOfPage":{"@id":"https:\/\/cdiazlf.dosbitweb.cl\/marie-galindo\/#primaryimage"},"image":{"@id":"https:\/\/cdiazlf.dosbitweb.cl\/marie-galindo\/#primaryimage"},"thumbnailUrl":"https:\/\/cdiazlf.dosbitweb.cl\/wp-content\/uploads\/2025\/01\/MARIE-GALINDO.png","datePublished":"2025-01-22T20:15:52+00:00","dateModified":"2025-01-22T20:28:48+00:00","breadcrumb":{"@id":"https:\/\/cdiazlf.dosbitweb.cl\/marie-galindo\/#breadcrumb"},"inLanguage":"es","potentialAction":[{"@type":"ReadAction","target":["https:\/\/cdiazlf.dosbitweb.cl\/marie-galindo\/"]}]},{"@type":"ImageObject","inLanguage":"es","@id":"https:\/\/cdiazlf.dosbitweb.cl\/marie-galindo\/#primaryimage","url":"https:\/\/cdiazlf.dosbitweb.cl\/wp-content\/uploads\/2025\/01\/MARIE-GALINDO.png","contentUrl":"https:\/\/cdiazlf.dosbitweb.cl\/wp-content\/uploads\/2025\/01\/MARIE-GALINDO.png"},{"@type":"BreadcrumbList","@id":"https:\/\/cdiazlf.dosbitweb.cl\/marie-galindo\/#breadcrumb","itemListElement":[{"@type":"ListItem","position":1,"name":"Home","item":"https:\/\/cdiazlf.dosbitweb.cl\/"},{"@type":"ListItem","position":2,"name":"MARIE GALINDO"}]},{"@type":"WebSite","@id":"https:\/\/cdiazlf.dosbitweb.cl\/es\/#website","url":"https:\/\/cdiazlf.dosbitweb.cl\/es\/","name":"Diaz Law Firm","description":"Firma de abogados l\u00edder en Texas luchando por tus derechos","publisher":{"@id":"https:\/\/cdiazlf.dosbitweb.cl\/es\/#organization"},"potentialAction":[{"@type":"SearchAction","target":{"@type":"EntryPoint","urlTemplate":"https:\/\/cdiazlf.dosbitweb.cl\/es\/?s={search_term_string}"},"query-input":{"@type":"PropertyValueSpecification","valueRequired":true,"valueName":"search_term_string"}}],"inLanguage":"es"},{"@type":"Organization","@id":"https:\/\/cdiazlf.dosbitweb.cl\/es\/#organization","name":"Manuel Diaz Law Firm, PC","url":"https:\/\/cdiazlf.dosbitweb.cl\/es\/","logo":{"@type":"ImageObject","inLanguage":"es","@id":"https:\/\/cdiazlf.dosbitweb.cl\/es\/#\/schema\/logo\/image\/","url":"https:\/\/cdiazlf.dosbitweb.cl\/wp-content\/uploads\/2020\/06\/Resized-Logo.png","contentUrl":"https:\/\/cdiazlf.dosbitweb.cl\/wp-content\/uploads\/2020\/06\/Resized-Logo.png","width":512,"height":512,"caption":"Manuel Diaz Law Firm, PC"},"image":{"@id":"https:\/\/cdiazlf.dosbitweb.cl\/es\/#\/schema\/logo\/image\/"},"sameAs":["https:\/\/www.facebook.com\/abogadomanueldiazfirm\/","https:\/\/x.com\/diazlawfirmpc","https:\/\/www.linkedin.com\/company\/helms-johnson-&amp;-diaz-llp","https:\/\/www.youtube.com\/channel\/UCtFmiVZvk5JHadWTjchJDiA"]}]}},"_links":{"self":[{"href":"https:\/\/cdiazlf.dosbitweb.cl\/es\/wp-json\/wp\/v2\/pages\/24824","targetHints":{"allow":["GET"]}}],"collection":[{"href":"https:\/\/cdiazlf.dosbitweb.cl\/es\/wp-json\/wp\/v2\/pages"}],"about":[{"href":"https:\/\/cdiazlf.dosbitweb.cl\/es\/wp-json\/wp\/v2\/types\/page"}],"author":[{"embeddable":true,"href":"https:\/\/cdiazlf.dosbitweb.cl\/es\/wp-json\/wp\/v2\/users\/21"}],"replies":[{"embeddable":true,"href":"https:\/\/cdiazlf.dosbitweb.cl\/es\/wp-json\/wp\/v2\/comments?post=24824"}],"version-history":[{"count":4,"href":"https:\/\/cdiazlf.dosbitweb.cl\/es\/wp-json\/wp\/v2\/pages\/24824\/revisions"}],"predecessor-version":[{"id":24831,"href":"https:\/\/cdiazlf.dosbitweb.cl\/es\/wp-json\/wp\/v2\/pages\/24824\/revisions\/24831"}],"wp:attachment":[{"href":"https:\/\/cdiazlf.dosbitweb.cl\/es\/wp-json\/wp\/v2\/media?parent=24824"}],"curies":[{"name":"wp","href":"https:\/\/api.w.org\/{rel}","templated":true}]}}